{"id":1819,"date":"2016-05-06T07:55:15","date_gmt":"2016-05-06T06:55:15","guid":{"rendered":"http:\/\/test.urbancleaner.es\/pt\/?page_id=1819"},"modified":"2022-03-16T19:21:50","modified_gmt":"2022-03-16T18:21:50","slug":"limpeza-de-colchoes","status":"publish","type":"page","link":"https:\/\/www.urbancleaner.es\/pt\/limpeza-de-colchoes\/","title":{"rendered":"Limpeza de colch\u00f5es"},"content":{"rendered":"<p>[vc_row margin_top=&#8221;50&#8243; margin_bottom=&#8221;20&#8243; row_type=&#8221;row&#8221; use_row_as_full_screen_section=&#8221;no&#8221; anchor=&#8221;home&#8221; text_align=&#8221;left&#8221; box_shadow_on_row=&#8221;no&#8221; oblique_section=&#8221;no&#8221; oblique_section_top_and_bottom=&#8221;both&#8221; oblique_section_position=&#8221;from_left_to_right&#8221; triangle_shape=&#8221;no&#8221; triangle_shape_position=&#8221;both&#8221; css=&#8221;.vc_custom_1460899220243{margin-bottom: 40px !important;}&#8221;][vc_column][vc_column_text]O UrbanCleaner \u00e9 um&nbsp;<strong>inovador sistema de limpeza profissional<\/strong>&nbsp;que permite a limpeza integral dos colch\u00f5es dom\u00e9sticos garantindo a mais profunda e exigente elimina\u00e7\u00e3o de n\u00f3doas e restos de sujidade.<\/p>\n<p>O dispositivo UrbanCleaner funciona por meio de produ\u00e7\u00e3o de vapor, permitindo assim<strong>&nbsp;eliminar qualquer tipo de n\u00f3doa nos colch\u00f5es<\/strong>&nbsp;dom\u00e9sticos.&nbsp; O UrbanCleaner \u00e9 extremamente eficaz na limpeza de almofadas e colch\u00f5es na presen\u00e7a de&nbsp;&nbsp;<strong>n\u00f3doas <\/strong>e<strong> odores<\/strong>&nbsp;t\u00e3o habituais como <strong>suor<\/strong>,<strong> urina<\/strong> ou<strong> sangue<\/strong>. Por outro lado, este processo de limpeza permite tamb\u00e9m a desinfe\u00e7\u00e3o do colch\u00e3o, eliminando <strong>\u00e1caros, bact\u00e9rias, p\u00f3<\/strong>&nbsp;e outros elementos da camada superficial do mesmo.[\/vc_column_text][vc_row_inner el_class=&#8221;row-custom-gallery-content&#8221;][vc_column_inner width=&#8221;1\/2&#8243;][vc_single_image image=&#8221;729&#8243; img_size=&#8221;full&#8221; alignment=&#8221;center&#8221; image_hovers=&#8221;false&#8221;][\/vc_column_inner][vc_column_inner width=&#8221;1\/2&#8243;][vc_single_image image=&#8221;691&#8243; img_size=&#8221;full&#8221; alignment=&#8221;center&#8221; image_hovers=&#8221;false&#8221;][\/vc_column_inner][\/vc_row_inner][vc_column_text]Com o UrbanCleaner, a <strong>elimina\u00e7\u00e3o de n\u00f3doas e sujidade de colch\u00f5es e almofadas<\/strong> \u00e9 simples e eficiente. Dado ser um <strong>servi\u00e7o de limpeza de superf\u00edcies estofadas<\/strong> efetuado no pr\u00f3prio domic\u00edlio, num curto per\u00edodo de tempo pode voltar a fruir-se dos nossos&nbsp;colch\u00f5es, agora limpos e livres de \u00e1caros, com a plena confian\u00e7a de dormir em camas totalmente limpas, livres de odores e desinfetadas.[\/vc_column_text][\/vc_column][\/vc_row][vc_row css=&#8221;.vc_custom_1460899211473{margin-bottom: 60px !important;}&#8221;][vc_column]<div class=\"hr-thin style-line\" style=\"width: 100%;border-top-width: 1px;\"><\/div>[\/vc_column][\/vc_row][vc_row margin_top=&#8221;50&#8243; row_type=&#8221;row&#8221; use_row_as_full_screen_section=&#8221;no&#8221; text_align=&#8221;center&#8221; background_color=&#8221;#fafafa&#8221; box_shadow_on_row=&#8221;no&#8221; oblique_section=&#8221;no&#8221; oblique_section_top_and_bottom=&#8221;both&#8221; oblique_section_position=&#8221;from_left_to_right&#8221; triangle_shape=&#8221;no&#8221; triangle_shape_position=&#8221;both&#8221; el_class=&#8221;home-contacto&#8221;][vc_column]<div id=\"ultimate-heading-931369f5c380e6c83\" class=\"uvc-heading ult-adjust-bottom-margin ultimate-heading-931369f5c380e6c83 uvc-688 \" data-hspacer=\"line_only\"  data-halign=\"center\" style=\"text-align:center\"><div class=\"uvc-main-heading ult-responsive\"  data-ultimate-target='.uvc-heading.ultimate-heading-931369f5c380e6c83 h2'  data-responsive-json-new='{\"font-size\":\"\",\"line-height\":\"\"}' ><h2 style=\"font-weight:normal;\">Como \u00e9 que pode contratar os nossos servi\u00e7os?<\/h2><\/div><div class=\"uvc-heading-spacer line_only\" style=\"margin-top:10px;margin-bottom:30px;height:1px;\"><span class=\"uvc-headings-line\" style=\"border-style:solid;border-bottom-width:1px;border-color:rgba(237,2,112,0.5);width:60px;\"><\/span><\/div><\/div>[vc_column_text]<\/p>\n<p style=\"text-align: center;\">Pe\u00e7a j\u00e1 o servi\u00e7o UrbanCleaner para a sua resid\u00eancia ou empresa. Dispomos de distribuidores em v\u00e1rias cidades de Espanha, M\u00e9xico, Guin\u00e9 Equatorial, USA e Portugal.<\/p>\n<p>[\/vc_column_text][vc_row_inner row_type=&#8221;row&#8221; type=&#8221;full_width&#8221; use_row_as_full_screen_section_slide=&#8221;no&#8221; text_align=&#8221;left&#8221; box_shadow_on_row=&#8221;no&#8221;][vc_column_inner el_class=&#8221;columna-seccion-contacto&#8221; width=&#8221;1\/2&#8243;]<section class=\"shortcode-teaser img-full frame-on fadeIn animate-element\"><div class=\"shortcode-teaser-img\"><a class=\"layzr-bg rollover\" href=\"https:\/\/www.urbancleaner.es\/pt\/contacto\/#1450087847896-3-8\"><img class=\"lazy-load\" src=\"data:image\/svg+xml;charset=utf-8,%3Csvg xmlns%3D&#039;http%3A%2F%2Fwww.w3.org%2F2000%2Fsvg&#039; viewBox%3D&#039;0 0 600 188&#039;%2F%3E\" width=\"600\" height=\"188\" alt=\"El Corte Ingl\u00e9s\" data-srcset=\"https:\/\/www.urbancleaner.es\/wp-content\/uploads\/2015\/07\/eci-contacto.jpg 600w\" data-src=\"https:\/\/www.urbancleaner.es\/wp-content\/uploads\/2015\/07\/eci-contacto.jpg\" \/><\/a><\/div><div class=\"shortcode-teaser-content text-big\"><p style=\"text-align: center;\">Contrate-nos nos Centros UrbanClean de El Corte Ingl\u00e9s Valencia.<\/p>\n<\/div><\/section>[\/vc_column_inner][vc_column_inner el_class=&#8221;columna-seccion-contacto&#8221; width=&#8221;1\/2&#8243;]<section class=\"shortcode-teaser img-full frame-on fadeIn animate-element\"><div class=\"shortcode-teaser-img\"><a class=\"layzr-bg rollover\" href=\"https:\/\/www.urbancleaner.es\/pt\/contacto\/\"><img class=\"lazy-load\" src=\"data:image\/svg+xml;charset=utf-8,%3Csvg xmlns%3D&#039;http%3A%2F%2Fwww.w3.org%2F2000%2Fsvg&#039; viewBox%3D&#039;0 0 600 188&#039;%2F%3E\" width=\"600\" height=\"188\" alt=\"Distribuidores UrbanCleaner\" data-srcset=\"https:\/\/www.urbancleaner.es\/wp-content\/uploads\/2015\/07\/ucleaner-contacto.jpg 600w\" data-src=\"https:\/\/www.urbancleaner.es\/wp-content\/uploads\/2015\/07\/ucleaner-contacto.jpg\" \/><\/a><\/div><div class=\"shortcode-teaser-content text-big\"><p style=\"text-align: center;\">Procure o distribuidor mais pr\u00f3ximo.<\/p>\n<\/div><\/section>[\/vc_column_inner][\/vc_row_inner][\/vc_column][\/vc_row]<\/p>\n","protected":false},"excerpt":{"rendered":"<p>[vc_row margin_top=&#8221;50&#8243; margin_bottom=&#8221;20&#8243; row_type=&#8221;row&#8221; use_row_as_full_screen_section=&#8221;no&#8221; anchor=&#8221;home&#8221; text_align=&#8221;left&#8221; box_shadow_on_row=&#8221;no&#8221; oblique_section=&#8221;no&#8221; oblique_section_top_and_bottom=&#8221;both&#8221; oblique_section_position=&#8221;from_left_to_right&#8221; triangle_shape=&#8221;no&#8221; triangle_shape_position=&#8221;both&#8221; css=&#8221;.vc_custom_1460899220243{margin-bottom: 40px !important;}&#8221;][vc_column][vc_column_text]O UrbanCleaner \u00e9 um&nbsp;inovador sistema de limpeza profissional&nbsp;que permite a limpeza integral dos colch\u00f5es dom\u00e9sticos garantindo a mais profunda e exigente elimina\u00e7\u00e3o de n\u00f3doas e restos de sujidade. O dispositivo UrbanCleaner funciona por meio de produ\u00e7\u00e3o de vapor, permitindo assim&nbsp;eliminar&hellip;<\/p>\n","protected":false},"author":2,"featured_media":0,"parent":0,"menu_order":0,"comment_status":"closed","ping_status":"closed","template":"","meta":{"content-type":""},"yoast_head":"<!-- This site is optimized with the Yoast SEO plugin v18.3 - https:\/\/yoast.com\/wordpress\/plugins\/seo\/ -->\n<title>Limpeza de colch\u00f5es. Eliminar \u00e1caros | UrbanCleaner<\/title>\n<meta name=\"description\" content=\"Oferecemos-lhe a melhor solu\u00e7\u00e3o para eliminar os \u00e1caros da cama (colch\u00f5es e almofadas). Limpeza de n\u00f3doas, suor, urina, etc. Servi\u00e7o ao domic\u00edlio.\" \/>\n<meta name=\"robots\" content=\"index, follow, max-snippet:-1, max-image-preview:large, max-video-preview:-1\" \/>\n<link rel=\"canonical\" href=\"https:\/\/www.urbancleaner.es\/pt\/limpeza-de-colchoes\/\" \/>\n<meta property=\"og:locale\" content=\"pt_PT\" \/>\n<meta property=\"og:type\" content=\"article\" \/>\n<meta property=\"og:title\" content=\"Limpeza de colch\u00f5es. Eliminar \u00e1caros | UrbanCleaner\" \/>\n<meta property=\"og:description\" content=\"Oferecemos-lhe a melhor solu\u00e7\u00e3o para eliminar os \u00e1caros da cama (colch\u00f5es e almofadas). Limpeza de n\u00f3doas, suor, urina, etc. Servi\u00e7o ao domic\u00edlio.\" \/>\n<meta property=\"og:url\" content=\"https:\/\/www.urbancleaner.es\/pt\/limpeza-de-colchoes\/\" \/>\n<meta property=\"og:site_name\" content=\"UrbanCleaner\" \/>\n<meta property=\"article:publisher\" content=\"https:\/\/www.facebook.com\/UrbanCleaner-493027774232470\/\" \/>\n<meta property=\"article:modified_time\" content=\"2022-03-16T18:21:50+00:00\" \/>\n<meta name=\"twitter:card\" content=\"summary\" \/>\n<meta name=\"twitter:label1\" content=\"Est. reading time\" \/>\n\t<meta name=\"twitter:data1\" content=\"2 minutes\" \/>\n<script type=\"application\/ld+json\" class=\"yoast-schema-graph\">{\"@context\":\"https:\/\/schema.org\",\"@graph\":[{\"@type\":\"Organization\",\"@id\":\"https:\/\/www.urbancleaner.es\/#organization\",\"name\":\"UrbanCleaner\",\"url\":\"https:\/\/www.urbancleaner.es\/\",\"sameAs\":[\"https:\/\/www.facebook.com\/UrbanCleaner-493027774232470\/\",\"https:\/\/www.youtube.com\/channel\/UCPwVcTW4iUgxko1a5x6XJBg\"],\"logo\":{\"@type\":\"ImageObject\",\"@id\":\"https:\/\/www.urbancleaner.es\/#logo\",\"inLanguage\":\"pt\",\"url\":\"https:\/\/www.urbancleaner.es\/wp-content\/uploads\/2015\/12\/logo-hb-60.png\",\"contentUrl\":\"https:\/\/www.urbancleaner.es\/wp-content\/uploads\/2015\/12\/logo-hb-60.png\",\"width\":305,\"height\":60,\"caption\":\"UrbanCleaner\"},\"image\":{\"@id\":\"https:\/\/www.urbancleaner.es\/#logo\"}},{\"@type\":\"WebSite\",\"@id\":\"https:\/\/www.urbancleaner.es\/#website\",\"url\":\"https:\/\/www.urbancleaner.es\/\",\"name\":\"UrbanCleaner\",\"description\":\"Sistema de limpeza e desinfe\u00e7\u00e3o ao domic\u00edlio\",\"publisher\":{\"@id\":\"https:\/\/www.urbancleaner.es\/#organization\"},\"potentialAction\":[{\"@type\":\"SearchAction\",\"target\":{\"@type\":\"EntryPoint\",\"urlTemplate\":\"https:\/\/www.urbancleaner.es\/?s={search_term_string}\"},\"query-input\":\"required name=search_term_string\"}],\"inLanguage\":\"pt\"},{\"@type\":\"WebPage\",\"@id\":\"https:\/\/www.urbancleaner.es\/pt\/limpeza-de-colchoes\/#webpage\",\"url\":\"https:\/\/www.urbancleaner.es\/pt\/limpeza-de-colchoes\/\",\"name\":\"Limpeza de colch\u00f5es. Eliminar \u00e1caros | UrbanCleaner\",\"isPartOf\":{\"@id\":\"https:\/\/www.urbancleaner.es\/#website\"},\"datePublished\":\"2016-05-06T06:55:15+00:00\",\"dateModified\":\"2022-03-16T18:21:50+00:00\",\"description\":\"Oferecemos-lhe a melhor solu\u00e7\u00e3o para eliminar os \u00e1caros da cama (colch\u00f5es e almofadas). Limpeza de n\u00f3doas, suor, urina, etc. Servi\u00e7o ao domic\u00edlio.\",\"breadcrumb\":{\"@id\":\"https:\/\/www.urbancleaner.es\/pt\/limpeza-de-colchoes\/#breadcrumb\"},\"inLanguage\":\"pt\",\"potentialAction\":[{\"@type\":\"ReadAction\",\"target\":[\"https:\/\/www.urbancleaner.es\/pt\/limpeza-de-colchoes\/\"]}]},{\"@type\":\"BreadcrumbList\",\"@id\":\"https:\/\/www.urbancleaner.es\/pt\/limpeza-de-colchoes\/#breadcrumb\",\"itemListElement\":[{\"@type\":\"ListItem\",\"position\":1,\"name\":\"Inicio\",\"item\":\"https:\/\/www.urbancleaner.es\/pt\/\"},{\"@type\":\"ListItem\",\"position\":2,\"name\":\"Limpeza de colch\u00f5es\"}]}]}<\/script>\n<!-- \/ Yoast SEO plugin. -->","yoast_head_json":{"title":"Limpeza de colch\u00f5es. Eliminar \u00e1caros | UrbanCleaner","description":"Oferecemos-lhe a melhor solu\u00e7\u00e3o para eliminar os \u00e1caros da cama (colch\u00f5es e almofadas). Limpeza de n\u00f3doas, suor, urina, etc. Servi\u00e7o ao domic\u00edlio.","robots":{"index":"index","follow":"follow","max-snippet":"max-snippet:-1","max-image-preview":"max-image-preview:large","max-video-preview":"max-video-preview:-1"},"canonical":"https:\/\/www.urbancleaner.es\/pt\/limpeza-de-colchoes\/","og_locale":"pt_PT","og_type":"article","og_title":"Limpeza de colch\u00f5es. Eliminar \u00e1caros | UrbanCleaner","og_description":"Oferecemos-lhe a melhor solu\u00e7\u00e3o para eliminar os \u00e1caros da cama (colch\u00f5es e almofadas). Limpeza de n\u00f3doas, suor, urina, etc. Servi\u00e7o ao domic\u00edlio.","og_url":"https:\/\/www.urbancleaner.es\/pt\/limpeza-de-colchoes\/","og_site_name":"UrbanCleaner","article_publisher":"https:\/\/www.facebook.com\/UrbanCleaner-493027774232470\/","article_modified_time":"2022-03-16T18:21:50+00:00","twitter_card":"summary","twitter_misc":{"Est. reading time":"2 minutes"},"schema":{"@context":"https:\/\/schema.org","@graph":[{"@type":"Organization","@id":"https:\/\/www.urbancleaner.es\/#organization","name":"UrbanCleaner","url":"https:\/\/www.urbancleaner.es\/","sameAs":["https:\/\/www.facebook.com\/UrbanCleaner-493027774232470\/","https:\/\/www.youtube.com\/channel\/UCPwVcTW4iUgxko1a5x6XJBg"],"logo":{"@type":"ImageObject","@id":"https:\/\/www.urbancleaner.es\/#logo","inLanguage":"pt","url":"https:\/\/www.urbancleaner.es\/wp-content\/uploads\/2015\/12\/logo-hb-60.png","contentUrl":"https:\/\/www.urbancleaner.es\/wp-content\/uploads\/2015\/12\/logo-hb-60.png","width":305,"height":60,"caption":"UrbanCleaner"},"image":{"@id":"https:\/\/www.urbancleaner.es\/#logo"}},{"@type":"WebSite","@id":"https:\/\/www.urbancleaner.es\/#website","url":"https:\/\/www.urbancleaner.es\/","name":"UrbanCleaner","description":"Sistema de limpeza e desinfe\u00e7\u00e3o ao domic\u00edlio","publisher":{"@id":"https:\/\/www.urbancleaner.es\/#organization"},"potentialAction":[{"@type":"SearchAction","target":{"@type":"EntryPoint","urlTemplate":"https:\/\/www.urbancleaner.es\/?s={search_term_string}"},"query-input":"required name=search_term_string"}],"inLanguage":"pt"},{"@type":"WebPage","@id":"https:\/\/www.urbancleaner.es\/pt\/limpeza-de-colchoes\/#webpage","url":"https:\/\/www.urbancleaner.es\/pt\/limpeza-de-colchoes\/","name":"Limpeza de colch\u00f5es. Eliminar \u00e1caros | UrbanCleaner","isPartOf":{"@id":"https:\/\/www.urbancleaner.es\/#website"},"datePublished":"2016-05-06T06:55:15+00:00","dateModified":"2022-03-16T18:21:50+00:00","description":"Oferecemos-lhe a melhor solu\u00e7\u00e3o para eliminar os \u00e1caros da cama (colch\u00f5es e almofadas). Limpeza de n\u00f3doas, suor, urina, etc. Servi\u00e7o ao domic\u00edlio.","breadcrumb":{"@id":"https:\/\/www.urbancleaner.es\/pt\/limpeza-de-colchoes\/#breadcrumb"},"inLanguage":"pt","potentialAction":[{"@type":"ReadAction","target":["https:\/\/www.urbancleaner.es\/pt\/limpeza-de-colchoes\/"]}]},{"@type":"BreadcrumbList","@id":"https:\/\/www.urbancleaner.es\/pt\/limpeza-de-colchoes\/#breadcrumb","itemListElement":[{"@type":"ListItem","position":1,"name":"Inicio","item":"https:\/\/www.urbancleaner.es\/pt\/"},{"@type":"ListItem","position":2,"name":"Limpeza de colch\u00f5es"}]}]}},"_links":{"self":[{"href":"https:\/\/www.urbancleaner.es\/pt\/wp-json\/wp\/v2\/pages\/1819"}],"collection":[{"href":"https:\/\/www.urbancleaner.es\/pt\/wp-json\/wp\/v2\/pages"}],"about":[{"href":"https:\/\/www.urbancleaner.es\/pt\/wp-json\/wp\/v2\/types\/page"}],"author":[{"embeddable":true,"href":"https:\/\/www.urbancleaner.es\/pt\/wp-json\/wp\/v2\/users\/2"}],"replies":[{"embeddable":true,"href":"https:\/\/www.urbancleaner.es\/pt\/wp-json\/wp\/v2\/comments?post=1819"}],"version-history":[{"count":2,"href":"https:\/\/www.urbancleaner.es\/pt\/wp-json\/wp\/v2\/pages\/1819\/revisions"}],"predecessor-version":[{"id":6865,"href":"https:\/\/www.urbancleaner.es\/pt\/wp-json\/wp\/v2\/pages\/1819\/revisions\/6865"}],"wp:attachment":[{"href":"https:\/\/www.urbancleaner.es\/pt\/wp-json\/wp\/v2\/media?parent=1819"}],"curies":[{"name":"wp","href":"https:\/\/api.w.org\/{rel}","templated":true}]}}