{"id":1826,"date":"2016-05-06T08:03:58","date_gmt":"2016-05-06T07:03:58","guid":{"rendered":"http:\/\/test.urbancleaner.es\/?page_id=1826"},"modified":"2022-03-16T19:23:02","modified_gmt":"2022-03-16T18:23:02","slug":"desinfecao-antiacaros","status":"publish","type":"page","link":"https:\/\/www.urbancleaner.es\/pt\/desinfecao-antiacaros\/","title":{"rendered":"Desinfe\u00e7\u00e3o anti\u00e1caros"},"content":{"rendered":"<p>[vc_row margin_top=&#8221;50&#8243; margin_bottom=&#8221;20&#8243; row_type=&#8221;row&#8221; use_row_as_full_screen_section=&#8221;no&#8221; anchor=&#8221;home&#8221; text_align=&#8221;left&#8221; box_shadow_on_row=&#8221;no&#8221; oblique_section=&#8221;no&#8221; oblique_section_top_and_bottom=&#8221;both&#8221; oblique_section_position=&#8221;from_left_to_right&#8221; triangle_shape=&#8221;no&#8221; triangle_shape_position=&#8221;both&#8221; css=&#8221;.vc_custom_1460899349855{margin-bottom: 40px !important;}&#8221;][vc_column]<div id=\"ultimate-heading-976469f5c38c26920\" class=\"uvc-heading ult-adjust-bottom-margin ultimate-heading-976469f5c38c26920 uvc-8296 \" data-hspacer=\"line_only\"  data-halign=\"center\" style=\"text-align:center\"><div class=\"uvc-main-heading ult-responsive\"  data-ultimate-target='.uvc-heading.ultimate-heading-976469f5c38c26920 h2'  data-responsive-json-new='{\"font-size\":\"\",\"line-height\":\"\"}' ><h2 style=\"font-weight:normal;\">Desinfe\u00e7\u00e3o de superf\u00edcies estofadas ao domic\u00edlio<\/h2><\/div><div class=\"uvc-heading-spacer line_only\" style=\"margin-top:10px;margin-bottom:30px;height:1px;\"><span class=\"uvc-headings-line\" style=\"border-style:solid;border-bottom-width:1px;border-color:rgba(237,2,112,0.5);width:60px;\"><\/span><\/div><\/div>[vc_column_text]O UrbanCleaner \u00e9 um&nbsp;<strong>sistema de desinfe\u00e7\u00e3o anti\u00e1caros<\/strong>&nbsp;para superf\u00edcies estofadas que garante a sa\u00fade e o bem-estar das pessoas residentes no domic\u00edlio.<\/p>\n<p>Este inovador e eficiente sistema baseia-se num poderoso dispositivo port\u00e1til especialmente concebido para produzir uma for\u00e7a de suc\u00e7\u00e3o de elevada pot\u00eancia que&nbsp;<strong>elimina e extrai os \u00e1caros do p\u00f3&nbsp;e outros res\u00edduos<\/strong> que se v\u00e3o acumulando no colch\u00e3o, nas almofadas, nos <strong>sof\u00e1s<\/strong> e noutras <strong>superf\u00edcies estofadas<\/strong>.<\/p>\n<p>Nas nossas casas, os agentes alerg\u00e9nicos encontram-se principalmente nas superf\u00edcies estofadas. Os principais locais onde podemos encontrar esses agentes alerg\u00e9nicos s\u00e3o os tapetes, os sof\u00e1s e, especialmente, os colch\u00f5es e almofadas. Tais agentes s\u00e3o principalmente os \u00e1caros, o p\u00f3 e os res\u00edduos da nossa pr\u00f3pria pele. Quando detetados pelas nossas mucosas, provocam uma rea\u00e7\u00e3o inflamat\u00f3ria protetora que nos causa os sintomas de alergia.<\/p>\n<p>O UrbanCleaner \u00e9 o \u00fanico sistema capaz de efetuar uma desinfe\u00e7\u00e3o especializada e profissional para eliminar das nossas casas esses agentes invasores tornando mais agrad\u00e1vel e c\u00f3modo o nosso dia a dia.<\/p>\n<p>O UrbanCleaner funciona com um&nbsp;processo <strong>totalmente natural e<\/strong><strong>&nbsp;isento de qu\u00edmicos<\/strong> que trata a superf\u00edcie a seco e elimina efetivamente os \u00e1caros do p\u00f3, esporos, fungos, bact\u00e9rias e outros res\u00edduos.[\/vc_column_text][vc_row_inner el_class=&#8221;row-custom-gallery-content&#8221;][vc_column_inner width=&#8221;1\/3&#8243;][vc_single_image image=&#8221;592&#8243; img_size=&#8221;full&#8221; alignment=&#8221;center&#8221; image_hovers=&#8221;false&#8221;][\/vc_column_inner][vc_column_inner width=&#8221;1\/3&#8243;][vc_single_image image=&#8221;572&#8243; img_size=&#8221;full&#8221; alignment=&#8221;center&#8221; image_hovers=&#8221;false&#8221;][\/vc_column_inner][vc_column_inner width=&#8221;1\/3&#8243;][vc_single_image image=&#8221;573&#8243; img_size=&#8221;full&#8221; alignment=&#8221;center&#8221; image_hovers=&#8221;false&#8221;][\/vc_column_inner][\/vc_row_inner][vc_column_text]Caracter\u00edsticas do servi\u00e7o:[\/vc_column_text][vc_row_inner css=&#8221;.vc_custom_1460899364096{margin-top: -25px !important;}&#8221;][vc_column_inner css=&#8221;.vc_custom_1452797746785{padding-left: 50px !important;}&#8221;]<div class=\"standard-arrow bullet-top\"><ul>\n<li>O trabalho de desinfe\u00e7\u00e3o efetua-se ao domic\u00edlio.<\/li>\n<li>O processo \u00e9 inofensivo para humanos, animais de companhia e ambiente.<\/li>\n<li>N\u00e3o \u00e9 invasivo, n\u00e3o \u00e9 necess\u00e1rio abrir ou perfurar o colch\u00e3o, sof\u00e1 ou superf\u00edcie estofada.<\/li>\n<li>A dura\u00e7\u00e3o do processo por superf\u00edcie a desinfetar varia entre 20 e 40 minutos .<\/li>\n<li>Esta desinfe\u00e7\u00e3o profunda deve ser repetida de seis em seis meses.<\/li>\n<\/ul>\n<\/div>[\/vc_column_inner][\/vc_row_inner][\/vc_column][\/vc_row][vc_row type=&#8221;1&#8243; animation=&#8221;fadeIn&#8221; padding_top=&#8221;50&#8243; padding_bottom=&#8221;40&#8243; row_type=&#8221;row&#8221; use_row_as_full_screen_section=&#8221;no&#8221; text_align=&#8221;left&#8221; box_shadow_on_row=&#8221;no&#8221; oblique_section=&#8221;no&#8221; oblique_section_top_and_bottom=&#8221;both&#8221; oblique_section_position=&#8221;from_left_to_right&#8221; triangle_shape=&#8221;no&#8221; triangle_shape_position=&#8221;both&#8221;][vc_column]<div id=\"ultimate-heading-195069f5c38c269cd\" class=\"uvc-heading ult-adjust-bottom-margin ultimate-heading-195069f5c38c269cd uvc-9784 \" data-hspacer=\"line_only\"  data-halign=\"center\" style=\"text-align:center\"><div class=\"uvc-main-heading ult-responsive\"  data-ultimate-target='.uvc-heading.ultimate-heading-195069f5c38c269cd h2'  data-responsive-json-new='{\"font-size\":\"\",\"line-height\":\"\"}' ><h2 style=\"font-weight:normal;\">Desinfe\u00e7\u00e3o de colch\u00f5es, tapetes e sof\u00e1s<\/h2><\/div><div class=\"uvc-heading-spacer line_only\" style=\"margin-top:10px;margin-bottom:30px;height:1px;\"><span class=\"uvc-headings-line\" style=\"border-style:solid;border-bottom-width:1px;border-color:rgba(237,2,112,0.5);width:60px;\"><\/span><\/div><\/div>[vc_column_text]<\/p>\n<p style=\"text-align: center;\">Conhe\u00e7a ao pormenor os v\u00e1rios tipos de servi\u00e7os de desinfe\u00e7\u00e3o de tape\u00e7arias que temos para lhe oferecer.<\/p>\n<p>[\/vc_column_text][vc_row_inner row_type=&#8221;row&#8221; type=&#8221;full_width&#8221; use_row_as_full_screen_section_slide=&#8221;no&#8221; text_align=&#8221;left&#8221; padding_bottom=&#8221;60&#8243; box_shadow_on_row=&#8221;no&#8221;][vc_column_inner width=&#8221;1\/3&#8243;]<div class=\"ult-new-ib ult-ib-effect-style5  ult-ib-resp  \" data-min-width=\"768\" data-max-width=\"900\" style=\"background:#ffffff;\" data-opacity=\"1\" data-hover-opacity=\"0.7\" ><img class=\"ult-new-ib-img\" style=\"opacity:1;\" alt=\"Como eliminar os \u00e1caros do colch\u00e3o\" src=\"https:\/\/www.urbancleaner.es\/wp-content\/uploads\/2016\/01\/acceso-desinfeccion-colchones.jpg\"   \/><div id=\"interactive-banner-wrap-6911\" class=\"ult-new-ib-desc\" style=\"background:rgba(0,0,0,0.5);\"><h2 class=\"ult-new-ib-title ult-responsive\"  data-ultimate-target='#interactive-banner-wrap-6911 .ult-new-ib-title'  data-responsive-json-new='{\"font-size\":\"\",\"line-height\":\"\"}'  style=\"font-weight:normal;color:#ffffff;\">Desinfe\u00e7\u00e3o de colch\u00f5es<\/h2><div class=\"ult-new-ib-content ult-responsive\"  data-ultimate-target='#interactive-banner-wrap-6911 .ult-new-ib-content'  data-responsive-json-new='{\"font-size\":\"\",\"line-height\":\"\"}'  style=\"font-weight:normal;\"><p><\/p><\/div><\/div><a class=\"ult-new-ib-link\" href=\"\/pt\/desinfecao-de-colchoes\/\" ><\/a><\/div><script type=\"text\/javascript\">\r\n\t\t\t(function($){\r\n\t\t\t\t$(document).ready(function(){\r\n\t\t\t\t\t$(\".ult-new-ib\").css(\"opacity\",\"1\");\r\n\t\t\t\t});\r\n\t\t\t})(jQuery);\r\n\t\t\t<\/script>[\/vc_column_inner][vc_column_inner width=&#8221;1\/3&#8243;]<div class=\"ult-new-ib ult-ib-effect-style5  ult-ib-resp  \" data-min-width=\"768\" data-max-width=\"900\" style=\"background:#ffffff;\" data-opacity=\"1\" data-hover-opacity=\"0.7\" ><img class=\"ult-new-ib-img\" style=\"opacity:1;\" alt=\"Como desinfetar o tapete \u2013 UrbanCleaner\" src=\"https:\/\/www.urbancleaner.es\/wp-content\/uploads\/2016\/01\/acceso-desinfeccion-alfombras.jpg\"   \/><div id=\"interactive-banner-wrap-6085\" class=\"ult-new-ib-desc\" style=\"background:rgba(0,0,0,0.5);\"><h2 class=\"ult-new-ib-title ult-responsive\"  data-ultimate-target='#interactive-banner-wrap-6085 .ult-new-ib-title'  data-responsive-json-new='{\"font-size\":\"\",\"line-height\":\"\"}'  style=\"font-weight:normal;color:#ffffff;\">Desinfe\u00e7\u00e3o de tapetes<\/h2><div class=\"ult-new-ib-content ult-responsive\"  data-ultimate-target='#interactive-banner-wrap-6085 .ult-new-ib-content'  data-responsive-json-new='{\"font-size\":\"\",\"line-height\":\"\"}'  style=\"font-weight:normal;\"><p><\/p><\/div><\/div><a class=\"ult-new-ib-link\" href=\"\/pt\/desinfecao-de-tapetes\/\" ><\/a><\/div><script type=\"text\/javascript\">\r\n\t\t\t(function($){\r\n\t\t\t\t$(document).ready(function(){\r\n\t\t\t\t\t$(\".ult-new-ib\").css(\"opacity\",\"1\");\r\n\t\t\t\t});\r\n\t\t\t})(jQuery);\r\n\t\t\t<\/script>[\/vc_column_inner][vc_column_inner width=&#8221;1\/3&#8243;]<div class=\"ult-new-ib ult-ib-effect-style5  ult-ib-resp  \" data-min-width=\"768\" data-max-width=\"900\" style=\"background:#ffffff;\" data-opacity=\"1\" data-hover-opacity=\"0.7\" ><img class=\"ult-new-ib-img\" style=\"opacity:1;\" alt=\"Como desinfetar o sof\u00e1\" src=\"https:\/\/www.urbancleaner.es\/wp-content\/uploads\/2016\/01\/acceso-desinfeccion-sofas.jpg\"   \/><div id=\"interactive-banner-wrap-4084\" class=\"ult-new-ib-desc\" style=\"background:rgba(0,0,0,0.5);\"><h2 class=\"ult-new-ib-title ult-responsive\"  data-ultimate-target='#interactive-banner-wrap-4084 .ult-new-ib-title'  data-responsive-json-new='{\"font-size\":\"\",\"line-height\":\"\"}'  style=\"font-weight:normal;color:#ffffff;\">Desinfe\u00e7\u00e3o de sof\u00e1s<\/h2><div class=\"ult-new-ib-content ult-responsive\"  data-ultimate-target='#interactive-banner-wrap-4084 .ult-new-ib-content'  data-responsive-json-new='{\"font-size\":\"\",\"line-height\":\"\"}'  style=\"font-weight:normal;\"><p><\/p><\/div><\/div><a class=\"ult-new-ib-link\" href=\"\/pt\/desinfecao-de-sofas\/\" ><\/a><\/div><script type=\"text\/javascript\">\r\n\t\t\t(function($){\r\n\t\t\t\t$(document).ready(function(){\r\n\t\t\t\t\t$(\".ult-new-ib\").css(\"opacity\",\"1\");\r\n\t\t\t\t});\r\n\t\t\t})(jQuery);\r\n\t\t\t<\/script>[\/vc_column_inner][\/vc_row_inner][\/vc_column][\/vc_row][vc_row animation=&#8221;fadeIn&#8221; margin_top=&#8221;50&#8243; row_type=&#8221;row&#8221; use_row_as_full_screen_section=&#8221;no&#8221; text_align=&#8221;center&#8221; background_color=&#8221;#fafafa&#8221; box_shadow_on_row=&#8221;no&#8221; oblique_section=&#8221;no&#8221; oblique_section_top_and_bottom=&#8221;both&#8221; oblique_section_position=&#8221;from_left_to_right&#8221; triangle_shape=&#8221;no&#8221; triangle_shape_position=&#8221;both&#8221; el_class=&#8221;home-contacto&#8221;][vc_column]<div id=\"ultimate-heading-211969f5c38c271b0\" class=\"uvc-heading ult-adjust-bottom-margin ultimate-heading-211969f5c38c271b0 uvc-8318 \" data-hspacer=\"line_only\"  data-halign=\"center\" style=\"text-align:center\"><div class=\"uvc-main-heading ult-responsive\"  data-ultimate-target='.uvc-heading.ultimate-heading-211969f5c38c271b0 h2'  data-responsive-json-new='{\"font-size\":\"\",\"line-height\":\"\"}' ><h2 style=\"font-weight:normal;\">Como \u00e9 que pode contratar os nossos servi\u00e7os?<\/h2><\/div><div class=\"uvc-heading-spacer line_only\" style=\"margin-top:10px;margin-bottom:30px;height:1px;\"><span class=\"uvc-headings-line\" style=\"border-style:solid;border-bottom-width:1px;border-color:rgba(237,2,112,0.5);width:60px;\"><\/span><\/div><\/div>[vc_column_text]<\/p>\n<p style=\"text-align: center;\">Pe\u00e7a j\u00e1 o servi\u00e7o UrbanCleaner para a sua resid\u00eancia ou empresa. Dispomos de distribuidores em v\u00e1rias cidades de Espanha, M\u00e9xico, Guin\u00e9 Equatorial, USA e Portugal.<\/p>\n<p>[\/vc_column_text][vc_row_inner row_type=&#8221;row&#8221; type=&#8221;full_width&#8221; use_row_as_full_screen_section_slide=&#8221;no&#8221; text_align=&#8221;left&#8221; box_shadow_on_row=&#8221;no&#8221;][vc_column_inner el_class=&#8221;columna-seccion-contacto&#8221; width=&#8221;1\/2&#8243;]<section class=\"shortcode-teaser img-full frame-on fadeIn animate-element\"><div class=\"shortcode-teaser-img\"><a class=\"layzr-bg rollover\" href=\"https:\/\/www.urbancleaner.es\/pt\/contacto\/#1450087847896-3-8\"><img class=\"lazy-load\" src=\"data:image\/svg+xml;charset=utf-8,%3Csvg xmlns%3D&#039;http%3A%2F%2Fwww.w3.org%2F2000%2Fsvg&#039; viewBox%3D&#039;0 0 600 188&#039;%2F%3E\" width=\"600\" height=\"188\" alt=\"El Corte Ingl\u00e9s\" data-srcset=\"https:\/\/www.urbancleaner.es\/wp-content\/uploads\/2015\/07\/eci-contacto.jpg 600w\" data-src=\"https:\/\/www.urbancleaner.es\/wp-content\/uploads\/2015\/07\/eci-contacto.jpg\" \/><\/a><\/div><div class=\"shortcode-teaser-content text-big\"><p style=\"text-align: center;\">Contrate-nos nos Centros UrbanClean de El Corte Ingl\u00e9s Valencia.<\/p>\n<\/div><\/section>[\/vc_column_inner][vc_column_inner el_class=&#8221;columna-seccion-contacto&#8221; width=&#8221;1\/2&#8243;]<section class=\"shortcode-teaser img-full frame-on fadeIn animate-element\"><div class=\"shortcode-teaser-img\"><a class=\"layzr-bg rollover\" href=\"https:\/\/www.urbancleaner.es\/pt\/contacto\/\"><img class=\"lazy-load\" src=\"data:image\/svg+xml;charset=utf-8,%3Csvg xmlns%3D&#039;http%3A%2F%2Fwww.w3.org%2F2000%2Fsvg&#039; viewBox%3D&#039;0 0 600 188&#039;%2F%3E\" width=\"600\" height=\"188\" alt=\"Distribuidores UrbanCleaner\" data-srcset=\"https:\/\/www.urbancleaner.es\/wp-content\/uploads\/2015\/07\/ucleaner-contacto.jpg 600w\" data-src=\"https:\/\/www.urbancleaner.es\/wp-content\/uploads\/2015\/07\/ucleaner-contacto.jpg\" \/><\/a><\/div><div class=\"shortcode-teaser-content text-big\"><p style=\"text-align: center;\">Procure o distribuidor mais pr\u00f3ximo.<\/p>\n<\/div><\/section>[\/vc_column_inner][\/vc_row_inner][\/vc_column][\/vc_row]<\/p>\n","protected":false},"excerpt":{"rendered":"<p>[vc_row margin_top=&#8221;50&#8243; margin_bottom=&#8221;20&#8243; row_type=&#8221;row&#8221; use_row_as_full_screen_section=&#8221;no&#8221; anchor=&#8221;home&#8221; text_align=&#8221;left&#8221; box_shadow_on_row=&#8221;no&#8221; oblique_section=&#8221;no&#8221; oblique_section_top_and_bottom=&#8221;both&#8221; oblique_section_position=&#8221;from_left_to_right&#8221; triangle_shape=&#8221;no&#8221; triangle_shape_position=&#8221;both&#8221; css=&#8221;.vc_custom_1460899349855{margin-bottom: 40px !important;}&#8221;][vc_column][vc_column_text]O UrbanCleaner \u00e9 um&nbsp;sistema de desinfe\u00e7\u00e3o anti\u00e1caros&nbsp;para superf\u00edcies estofadas que garante a sa\u00fade e o bem-estar das pessoas residentes no domic\u00edlio. Este inovador e eficiente sistema baseia-se num poderoso dispositivo port\u00e1til especialmente concebido para produzir uma for\u00e7a de suc\u00e7\u00e3o de&hellip;<\/p>\n","protected":false},"author":2,"featured_media":0,"parent":0,"menu_order":0,"comment_status":"closed","ping_status":"closed","template":"","meta":{"content-type":""},"yoast_head":"<!-- This site is optimized with the Yoast SEO plugin v18.3 - https:\/\/yoast.com\/wordpress\/plugins\/seo\/ -->\n<title>Desinfe\u00e7\u00e3o anti\u00e1caros ao domic\u00edlio | UrbanCleaner<\/title>\n<meta name=\"description\" content=\"Servi\u00e7o de desinfe\u00e7\u00e3o de colch\u00f5es, almofadas, tapetes, sof\u00e1s e superf\u00edcies estofadas ao domic\u00edlio. A melhor solu\u00e7\u00e3o para eliminar os \u00e1caros.\" \/>\n<meta name=\"robots\" content=\"index, follow, max-snippet:-1, max-image-preview:large, max-video-preview:-1\" \/>\n<link rel=\"canonical\" href=\"https:\/\/www.urbancleaner.es\/pt\/desinfecao-antiacaros\/\" \/>\n<meta property=\"og:locale\" content=\"pt_PT\" \/>\n<meta property=\"og:type\" content=\"article\" \/>\n<meta property=\"og:title\" content=\"Desinfe\u00e7\u00e3o anti\u00e1caros ao domic\u00edlio | UrbanCleaner\" \/>\n<meta property=\"og:description\" content=\"Servi\u00e7o de desinfe\u00e7\u00e3o de colch\u00f5es, almofadas, tapetes, sof\u00e1s e superf\u00edcies estofadas ao domic\u00edlio. A melhor solu\u00e7\u00e3o para eliminar os \u00e1caros.\" \/>\n<meta property=\"og:url\" content=\"https:\/\/www.urbancleaner.es\/pt\/desinfecao-antiacaros\/\" \/>\n<meta property=\"og:site_name\" content=\"UrbanCleaner\" \/>\n<meta property=\"article:publisher\" content=\"https:\/\/www.facebook.com\/UrbanCleaner-493027774232470\/\" \/>\n<meta property=\"article:modified_time\" content=\"2022-03-16T18:23:02+00:00\" \/>\n<meta name=\"twitter:card\" content=\"summary\" \/>\n<meta name=\"twitter:label1\" content=\"Est. reading time\" \/>\n\t<meta name=\"twitter:data1\" content=\"3 minutes\" \/>\n<script type=\"application\/ld+json\" class=\"yoast-schema-graph\">{\"@context\":\"https:\/\/schema.org\",\"@graph\":[{\"@type\":\"Organization\",\"@id\":\"https:\/\/www.urbancleaner.es\/#organization\",\"name\":\"UrbanCleaner\",\"url\":\"https:\/\/www.urbancleaner.es\/\",\"sameAs\":[\"https:\/\/www.facebook.com\/UrbanCleaner-493027774232470\/\",\"https:\/\/www.youtube.com\/channel\/UCPwVcTW4iUgxko1a5x6XJBg\"],\"logo\":{\"@type\":\"ImageObject\",\"@id\":\"https:\/\/www.urbancleaner.es\/#logo\",\"inLanguage\":\"pt\",\"url\":\"https:\/\/www.urbancleaner.es\/wp-content\/uploads\/2015\/12\/logo-hb-60.png\",\"contentUrl\":\"https:\/\/www.urbancleaner.es\/wp-content\/uploads\/2015\/12\/logo-hb-60.png\",\"width\":305,\"height\":60,\"caption\":\"UrbanCleaner\"},\"image\":{\"@id\":\"https:\/\/www.urbancleaner.es\/#logo\"}},{\"@type\":\"WebSite\",\"@id\":\"https:\/\/www.urbancleaner.es\/#website\",\"url\":\"https:\/\/www.urbancleaner.es\/\",\"name\":\"UrbanCleaner\",\"description\":\"Sistema de limpeza e desinfe\u00e7\u00e3o ao domic\u00edlio\",\"publisher\":{\"@id\":\"https:\/\/www.urbancleaner.es\/#organization\"},\"potentialAction\":[{\"@type\":\"SearchAction\",\"target\":{\"@type\":\"EntryPoint\",\"urlTemplate\":\"https:\/\/www.urbancleaner.es\/?s={search_term_string}\"},\"query-input\":\"required name=search_term_string\"}],\"inLanguage\":\"pt\"},{\"@type\":\"WebPage\",\"@id\":\"https:\/\/www.urbancleaner.es\/pt\/desinfecao-antiacaros\/#webpage\",\"url\":\"https:\/\/www.urbancleaner.es\/pt\/desinfecao-antiacaros\/\",\"name\":\"Desinfe\u00e7\u00e3o anti\u00e1caros ao domic\u00edlio | UrbanCleaner\",\"isPartOf\":{\"@id\":\"https:\/\/www.urbancleaner.es\/#website\"},\"datePublished\":\"2016-05-06T07:03:58+00:00\",\"dateModified\":\"2022-03-16T18:23:02+00:00\",\"description\":\"Servi\u00e7o de desinfe\u00e7\u00e3o de colch\u00f5es, almofadas, tapetes, sof\u00e1s e superf\u00edcies estofadas ao domic\u00edlio. A melhor solu\u00e7\u00e3o para eliminar os \u00e1caros.\",\"breadcrumb\":{\"@id\":\"https:\/\/www.urbancleaner.es\/pt\/desinfecao-antiacaros\/#breadcrumb\"},\"inLanguage\":\"pt\",\"potentialAction\":[{\"@type\":\"ReadAction\",\"target\":[\"https:\/\/www.urbancleaner.es\/pt\/desinfecao-antiacaros\/\"]}]},{\"@type\":\"BreadcrumbList\",\"@id\":\"https:\/\/www.urbancleaner.es\/pt\/desinfecao-antiacaros\/#breadcrumb\",\"itemListElement\":[{\"@type\":\"ListItem\",\"position\":1,\"name\":\"Inicio\",\"item\":\"https:\/\/www.urbancleaner.es\/pt\/\"},{\"@type\":\"ListItem\",\"position\":2,\"name\":\"Desinfe\u00e7\u00e3o anti\u00e1caros\"}]}]}<\/script>\n<!-- \/ Yoast SEO plugin. -->","yoast_head_json":{"title":"Desinfe\u00e7\u00e3o anti\u00e1caros ao domic\u00edlio | UrbanCleaner","description":"Servi\u00e7o de desinfe\u00e7\u00e3o de colch\u00f5es, almofadas, tapetes, sof\u00e1s e superf\u00edcies estofadas ao domic\u00edlio. A melhor solu\u00e7\u00e3o para eliminar os \u00e1caros.","robots":{"index":"index","follow":"follow","max-snippet":"max-snippet:-1","max-image-preview":"max-image-preview:large","max-video-preview":"max-video-preview:-1"},"canonical":"https:\/\/www.urbancleaner.es\/pt\/desinfecao-antiacaros\/","og_locale":"pt_PT","og_type":"article","og_title":"Desinfe\u00e7\u00e3o anti\u00e1caros ao domic\u00edlio | UrbanCleaner","og_description":"Servi\u00e7o de desinfe\u00e7\u00e3o de colch\u00f5es, almofadas, tapetes, sof\u00e1s e superf\u00edcies estofadas ao domic\u00edlio. A melhor solu\u00e7\u00e3o para eliminar os \u00e1caros.","og_url":"https:\/\/www.urbancleaner.es\/pt\/desinfecao-antiacaros\/","og_site_name":"UrbanCleaner","article_publisher":"https:\/\/www.facebook.com\/UrbanCleaner-493027774232470\/","article_modified_time":"2022-03-16T18:23:02+00:00","twitter_card":"summary","twitter_misc":{"Est. reading time":"3 minutes"},"schema":{"@context":"https:\/\/schema.org","@graph":[{"@type":"Organization","@id":"https:\/\/www.urbancleaner.es\/#organization","name":"UrbanCleaner","url":"https:\/\/www.urbancleaner.es\/","sameAs":["https:\/\/www.facebook.com\/UrbanCleaner-493027774232470\/","https:\/\/www.youtube.com\/channel\/UCPwVcTW4iUgxko1a5x6XJBg"],"logo":{"@type":"ImageObject","@id":"https:\/\/www.urbancleaner.es\/#logo","inLanguage":"pt","url":"https:\/\/www.urbancleaner.es\/wp-content\/uploads\/2015\/12\/logo-hb-60.png","contentUrl":"https:\/\/www.urbancleaner.es\/wp-content\/uploads\/2015\/12\/logo-hb-60.png","width":305,"height":60,"caption":"UrbanCleaner"},"image":{"@id":"https:\/\/www.urbancleaner.es\/#logo"}},{"@type":"WebSite","@id":"https:\/\/www.urbancleaner.es\/#website","url":"https:\/\/www.urbancleaner.es\/","name":"UrbanCleaner","description":"Sistema de limpeza e desinfe\u00e7\u00e3o ao domic\u00edlio","publisher":{"@id":"https:\/\/www.urbancleaner.es\/#organization"},"potentialAction":[{"@type":"SearchAction","target":{"@type":"EntryPoint","urlTemplate":"https:\/\/www.urbancleaner.es\/?s={search_term_string}"},"query-input":"required name=search_term_string"}],"inLanguage":"pt"},{"@type":"WebPage","@id":"https:\/\/www.urbancleaner.es\/pt\/desinfecao-antiacaros\/#webpage","url":"https:\/\/www.urbancleaner.es\/pt\/desinfecao-antiacaros\/","name":"Desinfe\u00e7\u00e3o anti\u00e1caros ao domic\u00edlio | UrbanCleaner","isPartOf":{"@id":"https:\/\/www.urbancleaner.es\/#website"},"datePublished":"2016-05-06T07:03:58+00:00","dateModified":"2022-03-16T18:23:02+00:00","description":"Servi\u00e7o de desinfe\u00e7\u00e3o de colch\u00f5es, almofadas, tapetes, sof\u00e1s e superf\u00edcies estofadas ao domic\u00edlio. A melhor solu\u00e7\u00e3o para eliminar os \u00e1caros.","breadcrumb":{"@id":"https:\/\/www.urbancleaner.es\/pt\/desinfecao-antiacaros\/#breadcrumb"},"inLanguage":"pt","potentialAction":[{"@type":"ReadAction","target":["https:\/\/www.urbancleaner.es\/pt\/desinfecao-antiacaros\/"]}]},{"@type":"BreadcrumbList","@id":"https:\/\/www.urbancleaner.es\/pt\/desinfecao-antiacaros\/#breadcrumb","itemListElement":[{"@type":"ListItem","position":1,"name":"Inicio","item":"https:\/\/www.urbancleaner.es\/pt\/"},{"@type":"ListItem","position":2,"name":"Desinfe\u00e7\u00e3o anti\u00e1caros"}]}]}},"_links":{"self":[{"href":"https:\/\/www.urbancleaner.es\/pt\/wp-json\/wp\/v2\/pages\/1826"}],"collection":[{"href":"https:\/\/www.urbancleaner.es\/pt\/wp-json\/wp\/v2\/pages"}],"about":[{"href":"https:\/\/www.urbancleaner.es\/pt\/wp-json\/wp\/v2\/types\/page"}],"author":[{"embeddable":true,"href":"https:\/\/www.urbancleaner.es\/pt\/wp-json\/wp\/v2\/users\/2"}],"replies":[{"embeddable":true,"href":"https:\/\/www.urbancleaner.es\/pt\/wp-json\/wp\/v2\/comments?post=1826"}],"version-history":[{"count":2,"href":"https:\/\/www.urbancleaner.es\/pt\/wp-json\/wp\/v2\/pages\/1826\/revisions"}],"predecessor-version":[{"id":6866,"href":"https:\/\/www.urbancleaner.es\/pt\/wp-json\/wp\/v2\/pages\/1826\/revisions\/6866"}],"wp:attachment":[{"href":"https:\/\/www.urbancleaner.es\/pt\/wp-json\/wp\/v2\/media?parent=1826"}],"curies":[{"name":"wp","href":"https:\/\/api.w.org\/{rel}","templated":true}]}}