{"id":1843,"date":"2016-05-06T09:29:24","date_gmt":"2016-05-06T08:29:24","guid":{"rendered":"http:\/\/test.urbancleaner.es\/?page_id=1843"},"modified":"2022-03-16T19:27:48","modified_gmt":"2022-03-16T18:27:48","slug":"higienizacao-de-capacetes","status":"publish","type":"page","link":"https:\/\/www.urbancleaner.es\/pt\/higienizacao-de-capacetes\/","title":{"rendered":"Higieniza\u00e7\u00e3o de capacetes"},"content":{"rendered":"<p>[vc_row animation=&#8221;fadeIn&#8221; margin_top=&#8221;50&#8243; margin_bottom=&#8221;20&#8243; row_type=&#8221;row&#8221; use_row_as_full_screen_section=&#8221;no&#8221; anchor=&#8221;home&#8221; text_align=&#8221;left&#8221; box_shadow_on_row=&#8221;no&#8221; oblique_section=&#8221;no&#8221; oblique_section_top_and_bottom=&#8221;both&#8221; oblique_section_position=&#8221;from_left_to_right&#8221; triangle_shape=&#8221;no&#8221; triangle_shape_position=&#8221;both&#8221; css=&#8221;.vc_custom_1460899861769{margin-bottom: 60px !important;}&#8221;][vc_column]<div id=\"ultimate-heading-442269f5c3483714d\" class=\"uvc-heading ult-adjust-bottom-margin ultimate-heading-442269f5c3483714d uvc-5833 \" data-hspacer=\"line_only\"  data-halign=\"center\" style=\"text-align:center\"><div class=\"uvc-main-heading ult-responsive\"  data-ultimate-target='.uvc-heading.ultimate-heading-442269f5c3483714d h2'  data-responsive-json-new='{\"font-size\":\"\",\"line-height\":\"\"}' ><h2 style=\"font-weight:normal;\">N\u00e3o sabe como limpar o seu capacete de mota?<\/h2><\/div><div class=\"uvc-heading-spacer line_only\" style=\"margin-top:15px;margin-bottom:30px;height:1px;\"><span class=\"uvc-headings-line\" style=\"border-style:solid;border-bottom-width:1px;border-color:rgba(237,2,112,0.5);width:80px;\"><\/span><\/div><\/div>[vc_column_text el_class=&#8221;servicios-empresas-intro&#8221;]<\/p>\n<p style=\"text-align: center;\"><em>O UrbanCleaner revolucionou a limpeza de capacetes de mota.<\/em><\/p>\n<p>[\/vc_column_text][vc_column_text]O UrbanCleaner oferece um<strong>&nbsp;servi\u00e7o exclusivo de limpeza, desinfe\u00e7\u00e3o e desodoriza\u00e7\u00e3o por ozono para capacetes de mota<\/strong>.<\/p>\n<p>O UrbanCleaner \u00e9 um inovador dispositivo de limpeza que, gra\u00e7as \u00e0 poderosa a\u00e7\u00e3o higienizante e desinfetante do ozono, permite que o seu capacete de mota esteja limpo e protegido contra os agentes pat\u00f3genos causadores do mau odor.<\/p>\n<p>O poder do ozono radica na sua capacidade para exterminar&nbsp;<strong>v\u00edrus, bact\u00e9rias, fungos, esporos, \u00e1caros e odores<\/strong>. A sua a\u00e7\u00e3o <strong>desinfetante<\/strong>&nbsp;<strong>e<\/strong>&nbsp;<strong>desodorizante<\/strong> tamb\u00e9m n\u00e3o deixa nenhum tipo de res\u00edduos no capacete.<\/p>\n<p>O referido servi\u00e7o de limpeza \u00e9&nbsp;adequado para qualquer tipo de capacete<strong>,<\/strong> incluindo aqueles que t\u00eam dispositivos eletr\u00f3nicos.[\/vc_column_text][vc_row_inner el_class=&#8221;row-custom-gallery-content&#8221;][vc_column_inner width=&#8221;1\/2&#8243; offset=&#8221;vc_col-lg-6 vc_col-md-6&#8243;][vc_single_image image=&#8221;611&#8243; img_size=&#8221;full&#8221; alignment=&#8221;center&#8221; image_hovers=&#8221;false&#8221; css=&#8221;.vc_custom_1647455237081{margin-bottom: 2px !important;}&#8221;][vc_single_image image=&#8221;616&#8243; img_size=&#8221;full&#8221; alignment=&#8221;center&#8221; image_hovers=&#8221;false&#8221; css=&#8221;.vc_custom_1647455251431{margin-bottom: 2px !important;}&#8221;][\/vc_column_inner][vc_column_inner width=&#8221;1\/2&#8243; offset=&#8221;vc_col-lg-6 vc_col-md-6&#8243;][vc_single_image image=&#8221;610&#8243; img_size=&#8221;full&#8221; alignment=&#8221;center&#8221; image_hovers=&#8221;false&#8221; css=&#8221;.vc_custom_1647455243784{margin-bottom: 2px !important;}&#8221;][vc_single_image image=&#8221;615&#8243; img_size=&#8221;full&#8221; alignment=&#8221;center&#8221; image_hovers=&#8221;false&#8221;][\/vc_column_inner][\/vc_row_inner][vc_column_text el_class=&#8221;servicios-empresas-intro&#8221;]<\/p>\n<p style=\"text-align: center;\"><em>Tire todo o prazer da estrada, o UrbanCleaner limpa o seu capacete.<\/em><\/p>\n<p>[\/vc_column_text]<div class=\"hr-thin style-line\" style=\"width: 100%;border-top-width: 1px;\"><\/div>[vc_empty_space height=&#8221;30px&#8221;][vc_row_inner][vc_column_inner width=&#8221;1\/6&#8243;][\/vc_column_inner][vc_column_inner width=&#8221;2\/3&#8243;]<div class=\"ult_pricing_table_wrap ult_info_table ult_design_6  ult-cs-custom info-precio-servicio-cascos \">\r\n\t\t\t\t\t<div class=\"ult_pricing_table \" style=\"background:#f8f8f8;color:#333333; \"><div id=\"Info-table-wrap-2902\" class=\"ult_pricing_heading\" style=\"background:#ec008c;color:#ffffff;\">\r\n\t\t\t\t\t\t\t<h3 class=\"ult-responsive\"  data-ultimate-target='#Info-table-wrap-2902 h3'  data-responsive-json-new='{\"font-size\":\"\",\"line-height\":\"\"}'  style=\"font-weight:normal;\">PROMO\u00c7\u00c3O EXCLUSIVA<\/h3><\/div><!--ult_pricing_heading--><div class=\"ult_price_body_block\" style=\"background:#ec008c;color:#ffffff;\">\r\n\t\t\t\t\t\t\t<div class=\"ult_price_body\">\r\n\t\t\t\t\t\t\t\t<div class=\"ult_price\">\r\n\t\t\t\t\t\t\t\t\t<div class=\"ult-just-icon-wrapper  \"><div class=\"align-icon\" style=\"text-align:center;\">\n<div class=\"aio-icon-img \" style=\"font-size:100px;display:inline-block;\" >\n\t<img class=\"img-icon\" alt=\"Icono casco\" src=\"https:\/\/www.urbancleaner.es\/wp-content\/uploads\/2016\/01\/icono-casco.png\"\/>\n<\/div><\/div><\/div>\r\n\t\t\t\t\t\t\t\t<\/div>\r\n\t\t\t\t\t\t\t<\/div>\r\n\t\t\t\t\t\t<\/div><!--ult_price_body_block--><div id=\"info_table_features_wrap-1693\"  data-ultimate-target='#info_table_features_wrap-1693.ult_price_features'  data-responsive-json-new='{\"font-size\":\"\",\"line-height\":\"\"}'  class=\"ult-responsive ult_price_features\" style=\"font-weight:normal;\">\r\n\t\t\t\t\t\t\t<p>Consiga agora a limpeza e desinfe\u00e7\u00e3o do seu capacete de mota por apenas <span class=\"txt-precio\">14,95\u20ac<\/span>.<\/p>\n\r\n\t\t\t\t\t\t<\/div><!--ult_price_features--><div class=\"ult_clr\"><\/div>\r\n\t\t\t<\/div><!--pricing_table-->\r\n\t\t<\/div><!--pricing_table_wrap-->[vc_column_text]Servi\u00e7o tamb\u00e9m dispon\u00edvel para roupa de mota: luvas, casacos, cal\u00e7as, fatos. Consulte-nos para mais informa\u00e7\u00f5es e pre\u00e7os.[\/vc_column_text][\/vc_column_inner][vc_column_inner width=&#8221;1\/6&#8243;][\/vc_column_inner][\/vc_row_inner][vc_empty_space height=&#8221;20px&#8221;]<div class=\"hr-thin style-line\" style=\"width: 100%;border-top-width: 1px;\"><\/div>[\/vc_column][\/vc_row][vc_row animation=&#8221;fadeIn&#8221; margin_top=&#8221;50&#8243; row_type=&#8221;row&#8221; use_row_as_full_screen_section=&#8221;no&#8221; text_align=&#8221;center&#8221; background_color=&#8221;#fafafa&#8221; box_shadow_on_row=&#8221;no&#8221; oblique_section=&#8221;no&#8221; oblique_section_top_and_bottom=&#8221;both&#8221; oblique_section_position=&#8221;from_left_to_right&#8221; triangle_shape=&#8221;no&#8221; triangle_shape_position=&#8221;both&#8221;][vc_column]<div id=\"ultimate-heading-189769f5c348377a8\" class=\"uvc-heading ult-adjust-bottom-margin ultimate-heading-189769f5c348377a8 uvc-2753 \" data-hspacer=\"line_only\"  data-halign=\"center\" style=\"text-align:center\"><div class=\"uvc-main-heading ult-responsive\"  data-ultimate-target='.uvc-heading.ultimate-heading-189769f5c348377a8 h2'  data-responsive-json-new='{\"font-size\":\"\",\"line-height\":\"\"}' ><h2 style=\"font-weight:normal;\">Como \u00e9 que pode contratar os nossos servi\u00e7os?<\/h2><\/div><div class=\"uvc-heading-spacer line_only\" style=\"margin-top:10px;margin-bottom:30px;height:1px;\"><span class=\"uvc-headings-line\" style=\"border-style:solid;border-bottom-width:1px;border-color:rgba(237,2,112,0.5);width:60px;\"><\/span><\/div><\/div>[vc_column_text]Pe\u00e7a o servi\u00e7o de limpeza, desinfe\u00e7\u00e3o e desodoriza\u00e7\u00e3o para capacetes de mota nas tinturarias UrbanClean, no El Corte Ingl\u00e9s ou atrav\u00e9s dos nossos distribuidores.[\/vc_column_text][vc_row_inner row_type=&#8221;row&#8221; type=&#8221;full_width&#8221; use_row_as_full_screen_section_slide=&#8221;no&#8221; text_align=&#8221;left&#8221; box_shadow_on_row=&#8221;no&#8221;][vc_column_inner el_class=&#8221;limpieza-cascos-contacto&#8221; width=&#8221;1\/3&#8243;]<section class=\"shortcode-teaser img-full frame-on fadeIn animate-element\"><div class=\"shortcode-teaser-img\"><a class=\"layzr-bg rollover\" href=\"http:\/\/www.urbanclean.es\/tiendaonline\/\" target=\"_blank\"><img class=\"lazy-load\" src=\"data:image\/svg+xml;charset=utf-8,%3Csvg xmlns%3D&#039;http%3A%2F%2Fwww.w3.org%2F2000%2Fsvg&#039; viewBox%3D&#039;0 0 600 188&#039;%2F%3E\" width=\"600\" height=\"188\" alt=\"UrbanClean - Tintorer\u00edas\" data-srcset=\"https:\/\/www.urbancleaner.es\/wp-content\/uploads\/2015\/12\/uclean-contacto.jpg 600w\" data-src=\"https:\/\/www.urbancleaner.es\/wp-content\/uploads\/2015\/12\/uclean-contacto.jpg\" \/><\/a><\/div><div class=\"shortcode-teaser-content text-big\"><p style=\"text-align: center;\">Procure a sua tinturaria UrbanClean mais pr\u00f3xima.<\/p>\n<\/div><\/section>[vc_empty_space height=&#8221;20px&#8221;][\/vc_column_inner][vc_column_inner el_class=&#8221;limpieza-cascos-contacto&#8221; width=&#8221;1\/3&#8243;]<section class=\"shortcode-teaser img-full frame-on fadeIn animate-element\"><div class=\"shortcode-teaser-img\"><a class=\"layzr-bg rollover\" href=\"https:\/\/www.urbancleaner.es\/pt\/contacto\/#1450087847896-3-8\"><img class=\"lazy-load\" src=\"data:image\/svg+xml;charset=utf-8,%3Csvg xmlns%3D&#039;http%3A%2F%2Fwww.w3.org%2F2000%2Fsvg&#039; viewBox%3D&#039;0 0 600 188&#039;%2F%3E\" width=\"600\" height=\"188\" alt=\"El Corte Ingl\u00e9s\" data-srcset=\"https:\/\/www.urbancleaner.es\/wp-content\/uploads\/2015\/07\/eci-contacto.jpg 600w\" data-src=\"https:\/\/www.urbancleaner.es\/wp-content\/uploads\/2015\/07\/eci-contacto.jpg\" \/><\/a><\/div><div class=\"shortcode-teaser-content text-big\"><p style=\"text-align: center;\">Contrate-nos nos Centros UrbanClean de El Corte Ingl\u00e9s Valencia.<\/p>\n<\/div><\/section>[vc_empty_space height=&#8221;20px&#8221;][\/vc_column_inner][vc_column_inner el_class=&#8221;limpieza-cascos-contacto&#8221; width=&#8221;1\/3&#8243;]<section class=\"shortcode-teaser img-full frame-on fadeIn animate-element\"><div class=\"shortcode-teaser-img\"><a class=\"layzr-bg rollover\" href=\"https:\/\/www.urbancleaner.es\/pt\/contacto\/\"><img class=\"lazy-load\" src=\"data:image\/svg+xml;charset=utf-8,%3Csvg xmlns%3D&#039;http%3A%2F%2Fwww.w3.org%2F2000%2Fsvg&#039; viewBox%3D&#039;0 0 600 188&#039;%2F%3E\" width=\"600\" height=\"188\" alt=\"UrbanCleaner\" data-srcset=\"https:\/\/www.urbancleaner.es\/wp-content\/uploads\/2015\/12\/ucleaner-contacto.png 600w\" data-src=\"https:\/\/www.urbancleaner.es\/wp-content\/uploads\/2015\/12\/ucleaner-contacto.png\" \/><\/a><\/div><div class=\"shortcode-teaser-content text-big\"><p style=\"text-align: center;\">Procure o seu distribuidor UrbanCleaner mais pr\u00f3ximo.<\/p>\n<\/div><\/section>[\/vc_column_inner][\/vc_row_inner][\/vc_column][\/vc_row]<\/p>\n","protected":false},"excerpt":{"rendered":"<p>[vc_row animation=&#8221;fadeIn&#8221; margin_top=&#8221;50&#8243; margin_bottom=&#8221;20&#8243; row_type=&#8221;row&#8221; use_row_as_full_screen_section=&#8221;no&#8221; anchor=&#8221;home&#8221; text_align=&#8221;left&#8221; box_shadow_on_row=&#8221;no&#8221; oblique_section=&#8221;no&#8221; oblique_section_top_and_bottom=&#8221;both&#8221; oblique_section_position=&#8221;from_left_to_right&#8221; triangle_shape=&#8221;no&#8221; triangle_shape_position=&#8221;both&#8221; css=&#8221;.vc_custom_1460899861769{margin-bottom: 60px !important;}&#8221;][vc_column][vc_column_text el_class=&#8221;servicios-empresas-intro&#8221;] O UrbanCleaner revolucionou a limpeza de capacetes de mota. [\/vc_column_text][vc_column_text]O UrbanCleaner oferece um&nbsp;servi\u00e7o exclusivo de limpeza, desinfe\u00e7\u00e3o e desodoriza\u00e7\u00e3o por ozono para capacetes de mota. O UrbanCleaner \u00e9 um inovador dispositivo de limpeza que, gra\u00e7as \u00e0 poderosa&hellip;<\/p>\n","protected":false},"author":2,"featured_media":0,"parent":0,"menu_order":0,"comment_status":"closed","ping_status":"closed","template":"","meta":{"content-type":""},"yoast_head":"<!-- This site is optimized with the Yoast SEO plugin v18.3 - https:\/\/yoast.com\/wordpress\/plugins\/seo\/ -->\n<title>Limpeza de capacetes de mota | UrbanCleaner<\/title>\n<meta name=\"description\" content=\"N\u00e3o sabe como limpar o seu capacete de mota? Com o nosso servi\u00e7o de desinfe\u00e7\u00e3o e limpeza interior de capacetes de mota, oferecemos-lhe a solu\u00e7\u00e3o!\" \/>\n<meta name=\"robots\" content=\"index, follow, max-snippet:-1, max-image-preview:large, max-video-preview:-1\" \/>\n<link rel=\"canonical\" href=\"https:\/\/www.urbancleaner.es\/pt\/higienizacao-de-capacetes\/\" \/>\n<meta property=\"og:locale\" content=\"pt_PT\" \/>\n<meta property=\"og:type\" content=\"article\" \/>\n<meta property=\"og:title\" content=\"Limpeza de capacetes de mota | UrbanCleaner\" \/>\n<meta property=\"og:description\" content=\"N\u00e3o sabe como limpar o seu capacete de mota? Com o nosso servi\u00e7o de desinfe\u00e7\u00e3o e limpeza interior de capacetes de mota, oferecemos-lhe a solu\u00e7\u00e3o!\" \/>\n<meta property=\"og:url\" content=\"https:\/\/www.urbancleaner.es\/pt\/higienizacao-de-capacetes\/\" \/>\n<meta property=\"og:site_name\" content=\"UrbanCleaner\" \/>\n<meta property=\"article:publisher\" content=\"https:\/\/www.facebook.com\/UrbanCleaner-493027774232470\/\" \/>\n<meta property=\"article:modified_time\" content=\"2022-03-16T18:27:48+00:00\" \/>\n<meta name=\"twitter:card\" content=\"summary\" \/>\n<meta name=\"twitter:label1\" content=\"Est. reading time\" \/>\n\t<meta name=\"twitter:data1\" content=\"2 minutes\" \/>\n<script type=\"application\/ld+json\" class=\"yoast-schema-graph\">{\"@context\":\"https:\/\/schema.org\",\"@graph\":[{\"@type\":\"Organization\",\"@id\":\"https:\/\/www.urbancleaner.es\/#organization\",\"name\":\"UrbanCleaner\",\"url\":\"https:\/\/www.urbancleaner.es\/\",\"sameAs\":[\"https:\/\/www.facebook.com\/UrbanCleaner-493027774232470\/\",\"https:\/\/www.youtube.com\/channel\/UCPwVcTW4iUgxko1a5x6XJBg\"],\"logo\":{\"@type\":\"ImageObject\",\"@id\":\"https:\/\/www.urbancleaner.es\/#logo\",\"inLanguage\":\"pt\",\"url\":\"https:\/\/www.urbancleaner.es\/wp-content\/uploads\/2015\/12\/logo-hb-60.png\",\"contentUrl\":\"https:\/\/www.urbancleaner.es\/wp-content\/uploads\/2015\/12\/logo-hb-60.png\",\"width\":305,\"height\":60,\"caption\":\"UrbanCleaner\"},\"image\":{\"@id\":\"https:\/\/www.urbancleaner.es\/#logo\"}},{\"@type\":\"WebSite\",\"@id\":\"https:\/\/www.urbancleaner.es\/#website\",\"url\":\"https:\/\/www.urbancleaner.es\/\",\"name\":\"UrbanCleaner\",\"description\":\"Sistema de limpeza e desinfe\u00e7\u00e3o ao domic\u00edlio\",\"publisher\":{\"@id\":\"https:\/\/www.urbancleaner.es\/#organization\"},\"potentialAction\":[{\"@type\":\"SearchAction\",\"target\":{\"@type\":\"EntryPoint\",\"urlTemplate\":\"https:\/\/www.urbancleaner.es\/?s={search_term_string}\"},\"query-input\":\"required name=search_term_string\"}],\"inLanguage\":\"pt\"},{\"@type\":\"WebPage\",\"@id\":\"https:\/\/www.urbancleaner.es\/pt\/higienizacao-de-capacetes\/#webpage\",\"url\":\"https:\/\/www.urbancleaner.es\/pt\/higienizacao-de-capacetes\/\",\"name\":\"Limpeza de capacetes de mota | UrbanCleaner\",\"isPartOf\":{\"@id\":\"https:\/\/www.urbancleaner.es\/#website\"},\"datePublished\":\"2016-05-06T08:29:24+00:00\",\"dateModified\":\"2022-03-16T18:27:48+00:00\",\"description\":\"N\u00e3o sabe como limpar o seu capacete de mota? Com o nosso servi\u00e7o de desinfe\u00e7\u00e3o e limpeza interior de capacetes de mota, oferecemos-lhe a solu\u00e7\u00e3o!\",\"breadcrumb\":{\"@id\":\"https:\/\/www.urbancleaner.es\/pt\/higienizacao-de-capacetes\/#breadcrumb\"},\"inLanguage\":\"pt\",\"potentialAction\":[{\"@type\":\"ReadAction\",\"target\":[\"https:\/\/www.urbancleaner.es\/pt\/higienizacao-de-capacetes\/\"]}]},{\"@type\":\"BreadcrumbList\",\"@id\":\"https:\/\/www.urbancleaner.es\/pt\/higienizacao-de-capacetes\/#breadcrumb\",\"itemListElement\":[{\"@type\":\"ListItem\",\"position\":1,\"name\":\"Inicio\",\"item\":\"https:\/\/www.urbancleaner.es\/pt\/\"},{\"@type\":\"ListItem\",\"position\":2,\"name\":\"Higieniza\u00e7\u00e3o de capacetes\"}]}]}<\/script>\n<!-- \/ Yoast SEO plugin. -->","yoast_head_json":{"title":"Limpeza de capacetes de mota | UrbanCleaner","description":"N\u00e3o sabe como limpar o seu capacete de mota? Com o nosso servi\u00e7o de desinfe\u00e7\u00e3o e limpeza interior de capacetes de mota, oferecemos-lhe a solu\u00e7\u00e3o!","robots":{"index":"index","follow":"follow","max-snippet":"max-snippet:-1","max-image-preview":"max-image-preview:large","max-video-preview":"max-video-preview:-1"},"canonical":"https:\/\/www.urbancleaner.es\/pt\/higienizacao-de-capacetes\/","og_locale":"pt_PT","og_type":"article","og_title":"Limpeza de capacetes de mota | UrbanCleaner","og_description":"N\u00e3o sabe como limpar o seu capacete de mota? Com o nosso servi\u00e7o de desinfe\u00e7\u00e3o e limpeza interior de capacetes de mota, oferecemos-lhe a solu\u00e7\u00e3o!","og_url":"https:\/\/www.urbancleaner.es\/pt\/higienizacao-de-capacetes\/","og_site_name":"UrbanCleaner","article_publisher":"https:\/\/www.facebook.com\/UrbanCleaner-493027774232470\/","article_modified_time":"2022-03-16T18:27:48+00:00","twitter_card":"summary","twitter_misc":{"Est. reading time":"2 minutes"},"schema":{"@context":"https:\/\/schema.org","@graph":[{"@type":"Organization","@id":"https:\/\/www.urbancleaner.es\/#organization","name":"UrbanCleaner","url":"https:\/\/www.urbancleaner.es\/","sameAs":["https:\/\/www.facebook.com\/UrbanCleaner-493027774232470\/","https:\/\/www.youtube.com\/channel\/UCPwVcTW4iUgxko1a5x6XJBg"],"logo":{"@type":"ImageObject","@id":"https:\/\/www.urbancleaner.es\/#logo","inLanguage":"pt","url":"https:\/\/www.urbancleaner.es\/wp-content\/uploads\/2015\/12\/logo-hb-60.png","contentUrl":"https:\/\/www.urbancleaner.es\/wp-content\/uploads\/2015\/12\/logo-hb-60.png","width":305,"height":60,"caption":"UrbanCleaner"},"image":{"@id":"https:\/\/www.urbancleaner.es\/#logo"}},{"@type":"WebSite","@id":"https:\/\/www.urbancleaner.es\/#website","url":"https:\/\/www.urbancleaner.es\/","name":"UrbanCleaner","description":"Sistema de limpeza e desinfe\u00e7\u00e3o ao domic\u00edlio","publisher":{"@id":"https:\/\/www.urbancleaner.es\/#organization"},"potentialAction":[{"@type":"SearchAction","target":{"@type":"EntryPoint","urlTemplate":"https:\/\/www.urbancleaner.es\/?s={search_term_string}"},"query-input":"required name=search_term_string"}],"inLanguage":"pt"},{"@type":"WebPage","@id":"https:\/\/www.urbancleaner.es\/pt\/higienizacao-de-capacetes\/#webpage","url":"https:\/\/www.urbancleaner.es\/pt\/higienizacao-de-capacetes\/","name":"Limpeza de capacetes de mota | UrbanCleaner","isPartOf":{"@id":"https:\/\/www.urbancleaner.es\/#website"},"datePublished":"2016-05-06T08:29:24+00:00","dateModified":"2022-03-16T18:27:48+00:00","description":"N\u00e3o sabe como limpar o seu capacete de mota? Com o nosso servi\u00e7o de desinfe\u00e7\u00e3o e limpeza interior de capacetes de mota, oferecemos-lhe a solu\u00e7\u00e3o!","breadcrumb":{"@id":"https:\/\/www.urbancleaner.es\/pt\/higienizacao-de-capacetes\/#breadcrumb"},"inLanguage":"pt","potentialAction":[{"@type":"ReadAction","target":["https:\/\/www.urbancleaner.es\/pt\/higienizacao-de-capacetes\/"]}]},{"@type":"BreadcrumbList","@id":"https:\/\/www.urbancleaner.es\/pt\/higienizacao-de-capacetes\/#breadcrumb","itemListElement":[{"@type":"ListItem","position":1,"name":"Inicio","item":"https:\/\/www.urbancleaner.es\/pt\/"},{"@type":"ListItem","position":2,"name":"Higieniza\u00e7\u00e3o de capacetes"}]}]}},"_links":{"self":[{"href":"https:\/\/www.urbancleaner.es\/pt\/wp-json\/wp\/v2\/pages\/1843"}],"collection":[{"href":"https:\/\/www.urbancleaner.es\/pt\/wp-json\/wp\/v2\/pages"}],"about":[{"href":"https:\/\/www.urbancleaner.es\/pt\/wp-json\/wp\/v2\/types\/page"}],"author":[{"embeddable":true,"href":"https:\/\/www.urbancleaner.es\/pt\/wp-json\/wp\/v2\/users\/2"}],"replies":[{"embeddable":true,"href":"https:\/\/www.urbancleaner.es\/pt\/wp-json\/wp\/v2\/comments?post=1843"}],"version-history":[{"count":2,"href":"https:\/\/www.urbancleaner.es\/pt\/wp-json\/wp\/v2\/pages\/1843\/revisions"}],"predecessor-version":[{"id":6871,"href":"https:\/\/www.urbancleaner.es\/pt\/wp-json\/wp\/v2\/pages\/1843\/revisions\/6871"}],"wp:attachment":[{"href":"https:\/\/www.urbancleaner.es\/pt\/wp-json\/wp\/v2\/media?parent=1843"}],"curies":[{"name":"wp","href":"https:\/\/api.w.org\/{rel}","templated":true}]}}