{"id":1851,"date":"2016-05-06T09:40:55","date_gmt":"2016-05-06T08:40:55","guid":{"rendered":"http:\/\/test.urbancleaner.es\/?page_id=1851"},"modified":"2022-03-16T18:58:00","modified_gmt":"2022-03-16T17:58:00","slug":"noticias-3","status":"publish","type":"page","link":"https:\/\/www.urbancleaner.es\/pt\/noticias-3\/","title":{"rendered":"Not\u00edcias"},"content":{"rendered":"<p>[vc_row margin_top=&#8221;60&#8243; margin_bottom=&#8221;60&#8243;][vc_column]<div class=\"dt-shortcode with-isotope\"><div class=\"wf-container dt-blog-shortcode circle-fancy-style loading-effect-fade-in iso-container description-under-image content-align-left\" data-padding=\"20px\" data-cur-page=\"1\" data-posts-per-page=\"-1\" data-width=\"370px\" data-columns=\"3\">\n<div class=\"wf-cell iso-item\" data-post-id=\"1977\" data-date=\"2016-02-25T14:30:32+01:00\" data-name=\"O grupo UrbanClean estar\u00e1 presente na Feira Internacional de Franquias do M\u00e9xico.\">\n\t<article class=\"post post-1977 type-post status-publish format-standard has-post-thumbnail hentry category-noticias-pt category-25 description-off\">\n\n\t\t\n\t\t\t<div class=\"blog-media wf-td\">\n\n\t\t\t\t<p><a href=\"https:\/\/www.urbancleaner.es\/pt\/feira-internacional-franquias-mexico\/\" class=\"alignnone rollover layzr-bg\" ><img class=\"preload-me iso-lazy-load\" src=\"data:image\/svg+xml,%3Csvg%20xmlns%3D&#39;http%3A%2F%2Fwww.w3.org%2F2000%2Fsvg&#39;%20viewBox%3D&#39;0%200%20555%20430&#39;%2F%3E\" data-src=\"https:\/\/www.urbancleaner.es\/wp-content\/uploads\/2016\/02\/urbanclean-feria-franquicias-mexico-555x430.jpg\" data-srcset=\"https:\/\/www.urbancleaner.es\/wp-content\/uploads\/2016\/02\/urbanclean-feria-franquicias-mexico-555x430.jpg 555w, https:\/\/www.urbancleaner.es\/wp-content\/uploads\/2016\/02\/urbanclean-feria-franquicias-mexico.jpg 900w\" alt=\"UrbanClean - Feira Internacional de Franquias do M\u00e9xico\" title=\"UrbanClean &#8211; Feira Internacional de Franquias do M\u00e9xico\" width=\"555\" height=\"430\"  \/><\/a><\/p>\n\t\t\t<\/div>\n\n\t\t\n\t\t<div class=\"blog-content wf-td\">\n\t\t\t<h3 class=\"entry-title\"><a href=\"https:\/\/www.urbancleaner.es\/pt\/feira-internacional-franquias-mexico\/\" title=\"O grupo UrbanClean estar\u00e1 presente na Feira Internacional de Franquias do M\u00e9xico.\" rel=\"bookmark\">O grupo UrbanClean estar\u00e1 presente na Feira Internacional de Franquias do M\u00e9xico.<\/a><\/h3>\n\n\t\t\t<div class=\"entry-meta\"><a href=\"https:\/\/www.urbancleaner.es\/pt\/2016\/02\/25\/\" title=\"14:30\" class=\"data-link\" rel=\"bookmark\"><time class=\"entry-date updated\" datetime=\"2016-02-25T14:30:32+01:00\">25\/02\/2016<\/time><\/a><\/div><p>O grupo UrbanClean apresentar\u00e1 os seus v\u00e1rios modelos de neg\u00f3cio dentro do mundo das franquias na Feira Internacional de Franquias do M\u00e9xico. <\/p>\n\n<a href=\"https:\/\/www.urbancleaner.es\/pt\/feira-internacional-franquias-mexico\/\" class=\"details more-link\" aria-label=\"Read more about O grupo UrbanClean estar\u00e1 presente na Feira Internacional de Franquias do M\u00e9xico.\">Detalhes<\/a>\n\n\t\t<\/div>\n\n\t<\/article>\n\n<\/div>\n<div class=\"wf-cell iso-item\" data-post-id=\"1982\" data-date=\"2016-01-21T14:36:37+01:00\" data-name=\"A UrbanClean lan\u00e7a o definitivo servi\u00e7o de limpeza de sof\u00e1s ao domicilio.\">\n\t<article class=\"post post-1982 type-post status-publish format-standard has-post-thumbnail hentry category-noticias-pt category-25 description-off\">\n\n\t\t\n\t\t\t<div class=\"blog-media wf-td\">\n\n\t\t\t\t<p><a href=\"https:\/\/www.urbancleaner.es\/pt\/servico-limpeza-sofas-ao-domicilio\/\" class=\"alignnone rollover layzr-bg\" ><img class=\"preload-me iso-lazy-load\" src=\"data:image\/svg+xml,%3Csvg%20xmlns%3D&#39;http%3A%2F%2Fwww.w3.org%2F2000%2Fsvg&#39;%20viewBox%3D&#39;0%200%20530%20300&#39;%2F%3E\" data-src=\"https:\/\/www.urbancleaner.es\/wp-content\/uploads\/2016\/01\/video-limpieza-sofas.jpg\" data-srcset=\"https:\/\/www.urbancleaner.es\/wp-content\/uploads\/2016\/01\/video-limpieza-sofas.jpg 530w\" alt=\"V\u00eddeo Limpeza de sof\u00e1s ao domic\u00edlio - UrbanCleaner\" title=\"V\u00eddeo Limpeza de sof\u00e1s ao domic\u00edlio &#8211; UrbanCleaner\" width=\"530\" height=\"300\"  \/><\/a><\/p>\n\t\t\t<\/div>\n\n\t\t\n\t\t<div class=\"blog-content wf-td\">\n\t\t\t<h3 class=\"entry-title\"><a href=\"https:\/\/www.urbancleaner.es\/pt\/servico-limpeza-sofas-ao-domicilio\/\" title=\"A UrbanClean lan\u00e7a o definitivo servi\u00e7o de limpeza de sof\u00e1s ao domicilio.\" rel=\"bookmark\">A UrbanClean lan\u00e7a o definitivo servi\u00e7o de limpeza de sof\u00e1s ao domicilio.<\/a><\/h3>\n\n\t\t\t<div class=\"entry-meta\"><a href=\"https:\/\/www.urbancleaner.es\/pt\/2016\/01\/21\/\" title=\"14:36\" class=\"data-link\" rel=\"bookmark\"><time class=\"entry-date updated\" datetime=\"2016-01-21T14:36:37+01:00\">21\/01\/2016<\/time><\/a><\/div><p>Novo servi\u00e7o de limpeza e desinfe\u00e7\u00e3o de superf\u00edcies estofadas ao domic\u00edlio do UrbanCleaner, a solu\u00e7\u00e3o ideal para os m\u00f3veis estofados da sua habita\u00e7\u00e3o.<\/p>\n\n<a href=\"https:\/\/www.urbancleaner.es\/pt\/servico-limpeza-sofas-ao-domicilio\/\" class=\"details more-link\" aria-label=\"Read more about A UrbanClean lan\u00e7a o definitivo servi\u00e7o de limpeza de sof\u00e1s ao domicilio.\">Detalhes<\/a>\n\n\t\t<\/div>\n\n\t<\/article>\n\n<\/div>\n<div class=\"wf-cell iso-item\" data-post-id=\"1989\" data-date=\"2016-01-18T14:48:25+01:00\" data-name=\"A empresa valenciana UrbanClean revoluciona a limpeza de capacetes de mota.\">\n\t<article class=\"post post-1989 type-post status-publish format-standard has-post-thumbnail hentry category-noticias-pt category-25 description-off\">\n\n\t\t\n\t\t\t<div class=\"blog-media wf-td\">\n\n\t\t\t\t<p><a href=\"https:\/\/www.urbancleaner.es\/pt\/servico-limpeza-capacetes-mota\/\" class=\"alignnone rollover layzr-bg\" ><img class=\"preload-me iso-lazy-load\" src=\"data:image\/svg+xml,%3Csvg%20xmlns%3D&#39;http%3A%2F%2Fwww.w3.org%2F2000%2Fsvg&#39;%20viewBox%3D&#39;0%200%20530%20300&#39;%2F%3E\" data-src=\"https:\/\/www.urbancleaner.es\/wp-content\/uploads\/2016\/01\/servicio-desodorizacion-cascos.jpg\" data-srcset=\"https:\/\/www.urbancleaner.es\/wp-content\/uploads\/2016\/01\/servicio-desodorizacion-cascos.jpg 530w\" alt=\"Limpeza, desinfe\u00e7\u00e3o e desodoriza\u00e7\u00e3o por ozono para capacetes de mota\" title=\"Limpeza, desinfe\u00e7\u00e3o e desodoriza\u00e7\u00e3o por ozono para capacetes de mota\" width=\"530\" height=\"300\"  \/><\/a><\/p>\n\t\t\t<\/div>\n\n\t\t\n\t\t<div class=\"blog-content wf-td\">\n\t\t\t<h3 class=\"entry-title\"><a href=\"https:\/\/www.urbancleaner.es\/pt\/servico-limpeza-capacetes-mota\/\" title=\"A empresa valenciana UrbanClean revoluciona a limpeza de capacetes de mota.\" rel=\"bookmark\">A empresa valenciana UrbanClean revoluciona a limpeza de capacetes de mota.<\/a><\/h3>\n\n\t\t\t<div class=\"entry-meta\"><a href=\"https:\/\/www.urbancleaner.es\/pt\/2016\/01\/18\/\" title=\"14:48\" class=\"data-link\" rel=\"bookmark\"><time class=\"entry-date updated\" datetime=\"2016-01-18T14:48:25+01:00\">18\/01\/2016<\/time><\/a><\/div><p>A cadeia de tinturarias UrbanClean traz para Val\u00eancia um novo e exclusivo servi\u00e7o de limpeza, desinfe\u00e7\u00e3o e desodoriza\u00e7\u00e3o por ozono para capacetes de mota.<\/p>\n\n<a href=\"https:\/\/www.urbancleaner.es\/pt\/servico-limpeza-capacetes-mota\/\" class=\"details more-link\" aria-label=\"Read more about A empresa valenciana UrbanClean revoluciona a limpeza de capacetes de mota.\">Detalhes<\/a>\n\n\t\t<\/div>\n\n\t<\/article>\n\n<\/div>\n<div class=\"wf-cell iso-item\" data-post-id=\"1993\" data-date=\"2016-01-08T14:54:23+01:00\" data-name=\"Novo servi\u00e7o exclusivo de limpeza e desinfe\u00e7\u00e3o de colch\u00f5es.\">\n\t<article class=\"post post-1993 type-post status-publish format-standard has-post-thumbnail hentry category-noticias-pt category-25 description-off\">\n\n\t\t\n\t\t\t<div class=\"blog-media wf-td\">\n\n\t\t\t\t<p><a href=\"https:\/\/www.urbancleaner.es\/pt\/servico-limpeza-e-desinfecao-colchoes\/\" class=\"alignnone rollover layzr-bg\" ><img class=\"preload-me iso-lazy-load\" src=\"data:image\/svg+xml,%3Csvg%20xmlns%3D&#39;http%3A%2F%2Fwww.w3.org%2F2000%2Fsvg&#39;%20viewBox%3D&#39;0%200%20530%20300&#39;%2F%3E\" data-src=\"https:\/\/www.urbancleaner.es\/wp-content\/uploads\/2016\/01\/dispositivo-desinfeccion-gris.jpg\" data-srcset=\"https:\/\/www.urbancleaner.es\/wp-content\/uploads\/2016\/01\/dispositivo-desinfeccion-gris.jpg 530w\" alt=\"Dispositivos de desinfe\u00e7\u00e3o anti\u00e1caros UrbanCleaner\" title=\"Dispositivos de desinfe\u00e7\u00e3o anti\u00e1caros UrbanCleaner\" width=\"530\" height=\"300\"  \/><\/a><\/p>\n\t\t\t<\/div>\n\n\t\t\n\t\t<div class=\"blog-content wf-td\">\n\t\t\t<h3 class=\"entry-title\"><a href=\"https:\/\/www.urbancleaner.es\/pt\/servico-limpeza-e-desinfecao-colchoes\/\" title=\"Novo servi\u00e7o exclusivo de limpeza e desinfe\u00e7\u00e3o de colch\u00f5es.\" rel=\"bookmark\">Novo servi\u00e7o exclusivo de limpeza e desinfe\u00e7\u00e3o de colch\u00f5es.<\/a><\/h3>\n\n\t\t\t<div class=\"entry-meta\"><a href=\"https:\/\/www.urbancleaner.es\/pt\/2016\/01\/08\/\" title=\"14:54\" class=\"data-link\" rel=\"bookmark\"><time class=\"entry-date updated\" datetime=\"2016-01-08T14:54:23+01:00\">08\/01\/2016<\/time><\/a><\/div><p>Este inovador e eficiente sistema baseia-se num poderoso dispositivo port\u00e1til especialmente concebido para a limpeza e desinfe\u00e7\u00e3o anti\u00e1caros de colch\u00f5es e superf\u00edcies estofadas.<\/p>\n\n<a href=\"https:\/\/www.urbancleaner.es\/pt\/servico-limpeza-e-desinfecao-colchoes\/\" class=\"details more-link\" aria-label=\"Read more about Novo servi\u00e7o exclusivo de limpeza e desinfe\u00e7\u00e3o de colch\u00f5es.\">Detalhes<\/a>\n\n\t\t<\/div>\n\n\t<\/article>\n\n<\/div><\/div><\/div>[\/vc_column][\/vc_row]<\/p>\n","protected":false},"excerpt":{"rendered":"<p>[vc_row margin_top=&#8221;60&#8243; margin_bottom=&#8221;60&#8243;][vc_column][\/vc_column][\/vc_row]<\/p>\n","protected":false},"author":2,"featured_media":0,"parent":0,"menu_order":0,"comment_status":"closed","ping_status":"closed","template":"template-blog-masonry.php","meta":{"content-type":""},"yoast_head":"<!-- This site is optimized with the Yoast SEO plugin v18.3 - https:\/\/yoast.com\/wordpress\/plugins\/seo\/ -->\n<title>Not\u00edcias. Conselhos de limpeza \/ desinfe\u00e7\u00e3o | UrbanCleaner<\/title>\n<meta name=\"description\" content=\"Conhe\u00e7a em pormenor os nossos servi\u00e7os de limpeza e desinfe\u00e7\u00e3o de colch\u00f5es, tapetes e sof\u00e1s. Mostramos-lhe os melhores truques e conselhos.\" \/>\n<meta name=\"robots\" content=\"index, follow, max-snippet:-1, max-image-preview:large, max-video-preview:-1\" \/>\n<link rel=\"canonical\" href=\"https:\/\/www.urbancleaner.es\/pt\/noticias-3\/\" \/>\n<meta property=\"og:locale\" content=\"pt_PT\" \/>\n<meta property=\"og:type\" content=\"article\" \/>\n<meta property=\"og:title\" content=\"Not\u00edcias. Conselhos de limpeza \/ desinfe\u00e7\u00e3o | UrbanCleaner\" \/>\n<meta property=\"og:description\" content=\"Conhe\u00e7a em pormenor os nossos servi\u00e7os de limpeza e desinfe\u00e7\u00e3o de colch\u00f5es, tapetes e sof\u00e1s. Mostramos-lhe os melhores truques e conselhos.\" \/>\n<meta property=\"og:url\" content=\"https:\/\/www.urbancleaner.es\/pt\/noticias-3\/\" \/>\n<meta property=\"og:site_name\" content=\"UrbanCleaner\" \/>\n<meta property=\"article:publisher\" content=\"https:\/\/www.facebook.com\/UrbanCleaner-493027774232470\/\" \/>\n<meta property=\"article:modified_time\" content=\"2022-03-16T17:58:00+00:00\" \/>\n<meta name=\"twitter:card\" content=\"summary\" \/>\n<script type=\"application\/ld+json\" class=\"yoast-schema-graph\">{\"@context\":\"https:\/\/schema.org\",\"@graph\":[{\"@type\":\"Organization\",\"@id\":\"https:\/\/www.urbancleaner.es\/#organization\",\"name\":\"UrbanCleaner\",\"url\":\"https:\/\/www.urbancleaner.es\/\",\"sameAs\":[\"https:\/\/www.facebook.com\/UrbanCleaner-493027774232470\/\",\"https:\/\/www.youtube.com\/channel\/UCPwVcTW4iUgxko1a5x6XJBg\"],\"logo\":{\"@type\":\"ImageObject\",\"@id\":\"https:\/\/www.urbancleaner.es\/#logo\",\"inLanguage\":\"pt\",\"url\":\"https:\/\/www.urbancleaner.es\/wp-content\/uploads\/2015\/12\/logo-hb-60.png\",\"contentUrl\":\"https:\/\/www.urbancleaner.es\/wp-content\/uploads\/2015\/12\/logo-hb-60.png\",\"width\":305,\"height\":60,\"caption\":\"UrbanCleaner\"},\"image\":{\"@id\":\"https:\/\/www.urbancleaner.es\/#logo\"}},{\"@type\":\"WebSite\",\"@id\":\"https:\/\/www.urbancleaner.es\/#website\",\"url\":\"https:\/\/www.urbancleaner.es\/\",\"name\":\"UrbanCleaner\",\"description\":\"Sistema de limpeza e desinfe\u00e7\u00e3o ao domic\u00edlio\",\"publisher\":{\"@id\":\"https:\/\/www.urbancleaner.es\/#organization\"},\"potentialAction\":[{\"@type\":\"SearchAction\",\"target\":{\"@type\":\"EntryPoint\",\"urlTemplate\":\"https:\/\/www.urbancleaner.es\/?s={search_term_string}\"},\"query-input\":\"required name=search_term_string\"}],\"inLanguage\":\"pt\"},{\"@type\":\"WebPage\",\"@id\":\"https:\/\/www.urbancleaner.es\/pt\/noticias-3\/#webpage\",\"url\":\"https:\/\/www.urbancleaner.es\/pt\/noticias-3\/\",\"name\":\"Not\u00edcias. Conselhos de limpeza \/ desinfe\u00e7\u00e3o | UrbanCleaner\",\"isPartOf\":{\"@id\":\"https:\/\/www.urbancleaner.es\/#website\"},\"datePublished\":\"2016-05-06T08:40:55+00:00\",\"dateModified\":\"2022-03-16T17:58:00+00:00\",\"description\":\"Conhe\u00e7a em pormenor os nossos servi\u00e7os de limpeza e desinfe\u00e7\u00e3o de colch\u00f5es, tapetes e sof\u00e1s. Mostramos-lhe os melhores truques e conselhos.\",\"breadcrumb\":{\"@id\":\"https:\/\/www.urbancleaner.es\/pt\/noticias-3\/#breadcrumb\"},\"inLanguage\":\"pt\",\"potentialAction\":[{\"@type\":\"ReadAction\",\"target\":[\"https:\/\/www.urbancleaner.es\/pt\/noticias-3\/\"]}]},{\"@type\":\"BreadcrumbList\",\"@id\":\"https:\/\/www.urbancleaner.es\/pt\/noticias-3\/#breadcrumb\",\"itemListElement\":[{\"@type\":\"ListItem\",\"position\":1,\"name\":\"Inicio\",\"item\":\"https:\/\/www.urbancleaner.es\/pt\/\"},{\"@type\":\"ListItem\",\"position\":2,\"name\":\"Not\u00edcias\"}]}]}<\/script>\n<!-- \/ Yoast SEO plugin. -->","yoast_head_json":{"title":"Not\u00edcias. Conselhos de limpeza \/ desinfe\u00e7\u00e3o | UrbanCleaner","description":"Conhe\u00e7a em pormenor os nossos servi\u00e7os de limpeza e desinfe\u00e7\u00e3o de colch\u00f5es, tapetes e sof\u00e1s. Mostramos-lhe os melhores truques e conselhos.","robots":{"index":"index","follow":"follow","max-snippet":"max-snippet:-1","max-image-preview":"max-image-preview:large","max-video-preview":"max-video-preview:-1"},"canonical":"https:\/\/www.urbancleaner.es\/pt\/noticias-3\/","og_locale":"pt_PT","og_type":"article","og_title":"Not\u00edcias. Conselhos de limpeza \/ desinfe\u00e7\u00e3o | UrbanCleaner","og_description":"Conhe\u00e7a em pormenor os nossos servi\u00e7os de limpeza e desinfe\u00e7\u00e3o de colch\u00f5es, tapetes e sof\u00e1s. Mostramos-lhe os melhores truques e conselhos.","og_url":"https:\/\/www.urbancleaner.es\/pt\/noticias-3\/","og_site_name":"UrbanCleaner","article_publisher":"https:\/\/www.facebook.com\/UrbanCleaner-493027774232470\/","article_modified_time":"2022-03-16T17:58:00+00:00","twitter_card":"summary","schema":{"@context":"https:\/\/schema.org","@graph":[{"@type":"Organization","@id":"https:\/\/www.urbancleaner.es\/#organization","name":"UrbanCleaner","url":"https:\/\/www.urbancleaner.es\/","sameAs":["https:\/\/www.facebook.com\/UrbanCleaner-493027774232470\/","https:\/\/www.youtube.com\/channel\/UCPwVcTW4iUgxko1a5x6XJBg"],"logo":{"@type":"ImageObject","@id":"https:\/\/www.urbancleaner.es\/#logo","inLanguage":"pt","url":"https:\/\/www.urbancleaner.es\/wp-content\/uploads\/2015\/12\/logo-hb-60.png","contentUrl":"https:\/\/www.urbancleaner.es\/wp-content\/uploads\/2015\/12\/logo-hb-60.png","width":305,"height":60,"caption":"UrbanCleaner"},"image":{"@id":"https:\/\/www.urbancleaner.es\/#logo"}},{"@type":"WebSite","@id":"https:\/\/www.urbancleaner.es\/#website","url":"https:\/\/www.urbancleaner.es\/","name":"UrbanCleaner","description":"Sistema de limpeza e desinfe\u00e7\u00e3o ao domic\u00edlio","publisher":{"@id":"https:\/\/www.urbancleaner.es\/#organization"},"potentialAction":[{"@type":"SearchAction","target":{"@type":"EntryPoint","urlTemplate":"https:\/\/www.urbancleaner.es\/?s={search_term_string}"},"query-input":"required name=search_term_string"}],"inLanguage":"pt"},{"@type":"WebPage","@id":"https:\/\/www.urbancleaner.es\/pt\/noticias-3\/#webpage","url":"https:\/\/www.urbancleaner.es\/pt\/noticias-3\/","name":"Not\u00edcias. Conselhos de limpeza \/ desinfe\u00e7\u00e3o | UrbanCleaner","isPartOf":{"@id":"https:\/\/www.urbancleaner.es\/#website"},"datePublished":"2016-05-06T08:40:55+00:00","dateModified":"2022-03-16T17:58:00+00:00","description":"Conhe\u00e7a em pormenor os nossos servi\u00e7os de limpeza e desinfe\u00e7\u00e3o de colch\u00f5es, tapetes e sof\u00e1s. Mostramos-lhe os melhores truques e conselhos.","breadcrumb":{"@id":"https:\/\/www.urbancleaner.es\/pt\/noticias-3\/#breadcrumb"},"inLanguage":"pt","potentialAction":[{"@type":"ReadAction","target":["https:\/\/www.urbancleaner.es\/pt\/noticias-3\/"]}]},{"@type":"BreadcrumbList","@id":"https:\/\/www.urbancleaner.es\/pt\/noticias-3\/#breadcrumb","itemListElement":[{"@type":"ListItem","position":1,"name":"Inicio","item":"https:\/\/www.urbancleaner.es\/pt\/"},{"@type":"ListItem","position":2,"name":"Not\u00edcias"}]}]}},"_links":{"self":[{"href":"https:\/\/www.urbancleaner.es\/pt\/wp-json\/wp\/v2\/pages\/1851"}],"collection":[{"href":"https:\/\/www.urbancleaner.es\/pt\/wp-json\/wp\/v2\/pages"}],"about":[{"href":"https:\/\/www.urbancleaner.es\/pt\/wp-json\/wp\/v2\/types\/page"}],"author":[{"embeddable":true,"href":"https:\/\/www.urbancleaner.es\/pt\/wp-json\/wp\/v2\/users\/2"}],"replies":[{"embeddable":true,"href":"https:\/\/www.urbancleaner.es\/pt\/wp-json\/wp\/v2\/comments?post=1851"}],"version-history":[{"count":0,"href":"https:\/\/www.urbancleaner.es\/pt\/wp-json\/wp\/v2\/pages\/1851\/revisions"}],"wp:attachment":[{"href":"https:\/\/www.urbancleaner.es\/pt\/wp-json\/wp\/v2\/media?parent=1851"}],"curies":[{"name":"wp","href":"https:\/\/api.w.org\/{rel}","templated":true}]}}