{"id":1853,"date":"2016-05-06T09:44:13","date_gmt":"2016-05-06T08:44:13","guid":{"rendered":"http:\/\/test.urbancleaner.es\/?page_id=1853"},"modified":"2022-03-16T19:32:16","modified_gmt":"2022-03-16T18:32:16","slug":"servicos-para-empresas","status":"publish","type":"page","link":"https:\/\/www.urbancleaner.es\/pt\/servicos-para-empresas\/","title":{"rendered":"Servi\u00e7os para empresas"},"content":{"rendered":"<p>[vc_row animation=&#8221;fadeIn&#8221; margin_top=&#8221;50&#8243; margin_bottom=&#8221;20&#8243; row_type=&#8221;row&#8221; use_row_as_full_screen_section=&#8221;no&#8221; anchor=&#8221;home&#8221; text_align=&#8221;left&#8221; box_shadow_on_row=&#8221;no&#8221; oblique_section=&#8221;no&#8221; oblique_section_top_and_bottom=&#8221;both&#8221; oblique_section_position=&#8221;from_left_to_right&#8221; triangle_shape=&#8221;no&#8221; triangle_shape_position=&#8221;both&#8221; css=&#8221;.vc_custom_1460899990815{margin-bottom: 60px !important;}&#8221;][vc_column]<div id=\"ultimate-heading-33269f5c38c3d1e5\" class=\"uvc-heading ult-adjust-bottom-margin ultimate-heading-33269f5c38c3d1e5 uvc-944 \" data-hspacer=\"line_only\"  data-halign=\"center\" style=\"text-align:center\"><div class=\"uvc-main-heading ult-responsive\"  data-ultimate-target='.uvc-heading.ultimate-heading-33269f5c38c3d1e5 h2'  data-responsive-json-new='{\"font-size\":\"\",\"line-height\":\"\"}' ><h2 style=\"font-weight:normal;\">Limpeza e Desinfe\u00e7\u00e3o para Hot\u00e9is e Resid\u00eancias<\/h2><\/div><div class=\"uvc-heading-spacer line_only\" style=\"margin-top:15px;margin-bottom:30px;height:1px;\"><span class=\"uvc-headings-line\" style=\"border-style:solid;border-bottom-width:1px;border-color:rgba(237,2,112,0.5);width:80px;\"><\/span><\/div><\/div>[vc_column_text el_class=&#8221;servicios-empresas-intro&#8221;]<\/p>\n<p style=\"text-align: center;\"><em>Imagine quantos milh\u00f5es de \u00e1caros poder\u00e1 haver nos colch\u00f5es do seu hotel ou resid\u00eancia.<\/em><\/p>\n<p style=\"text-align: center;\"><em>Ofere\u00e7a aos seus clientes a possibilidade de um descanso tranquilo. Eles v\u00e3o agradecer-lhe!<br \/>\n<\/em><\/p>\n<p>[\/vc_column_text][vc_column_text]A limpeza \u00e9 um dos fatores de qualidade mais apreciados pelos turistas e clientes nas instala\u00e7\u00f5es hoteleiras. Sabemos que o seu objetivo \u00e9 o de que os seus clientes quando entram nos quartos do seu hotel os encontrem perfeitamente impec\u00e1veis para poderem sentir-se como nas suas pr\u00f3prias casas ou melhor do que nelas.<\/p>\n<p>Segundo a Organiza\u00e7\u00e3o Mundial de Turismo (OMT), a higiene \u00e9 um dos \u201cfatores subjacentes que determinam a qualidade, os quais&nbsp; estabelecem o n\u00edvel m\u00ednimo de prote\u00e7\u00e3o do consumidor por debaixo do qual \u00e9 imposs\u00edvel alcan\u00e7ar uma qualidade total; se algum deles falhar, a qualidade da experi\u00eancia tur\u00edstica diminui significativamente\u201d.<\/p>\n<p><em>Tal como se d\u00e1 import\u00e2ncia \u00e0 limpeza e desinfe\u00e7\u00e3o das casas de banho e ch\u00e3os dos Hot\u00e9is, e os h\u00f3spedes agradecem-no, <strong><em>porque n\u00e3o oferecer tamb\u00e9m aos seus clientes a possibilidade de descansar num colch\u00e3o higienizado?<\/em><\/strong><\/em>[\/vc_column_text][vc_column_text]Consiga a limpeza mais profunda e exigente com o <strong>Sistema de Limpeza e Desinfe\u00e7\u00e3o Anti\u00e1caros do UrbanCleaner<\/strong>, baseado num poderoso dispositivo port\u00e1til especialmente concebido para produzir uma for\u00e7a de suc\u00e7\u00e3o de elevada pot\u00eancia que&nbsp;<strong>elimina e extrai os \u00e1caros do p\u00f3<\/strong>&nbsp;e outros res\u00edduos que se v\u00e3o acumulando no <strong>colch\u00e3o, nas almofadas, nos tapetes, nos sof\u00e1s e noutras superf\u00edcies estofadas<\/strong>.<\/p>\n<p>Trata-se de um&nbsp;processo totalmente natural e isento de qu\u00edmicos que trata a superf\u00edcie a seco eliminando \u00e1caros, esporos de fungos, bact\u00e9rias e outros res\u00edduos de uma forma efetiva.<\/p>\n<p>Consulte os nossos servi\u00e7os especializados em limpeza e desinfe\u00e7\u00e3o desenvolvidos&nbsp;<strong>para atender as necessidades do setor profissional<\/strong>. Dispomos de tabelas de pre\u00e7os de limpeza e desinfe\u00e7\u00e3o de superf\u00edcies estofadas exclusivas e adaptadas a cada modelo de neg\u00f3cio.[\/vc_column_text][vc_row_inner el_class=&#8221;row-custom-gallery-content&#8221;][vc_column_inner width=&#8221;1\/2&#8243; offset=&#8221;vc_col-lg-6 vc_col-md-6&#8243;][vc_single_image image=&#8221;592&#8243; img_size=&#8221;full&#8221; alignment=&#8221;center&#8221; image_hovers=&#8221;false&#8221; css=&#8221;.vc_custom_1647455509329{margin-bottom: 2px !important;}&#8221;][vc_single_image image=&#8221;572&#8243; img_size=&#8221;full&#8221; alignment=&#8221;center&#8221; image_hovers=&#8221;false&#8221;][\/vc_column_inner][vc_column_inner width=&#8221;1\/2&#8243; offset=&#8221;vc_col-lg-6 vc_col-md-6&#8243;][vc_single_image image=&#8221;729&#8243; img_size=&#8221;full&#8221; alignment=&#8221;center&#8221; image_hovers=&#8221;false&#8221; css=&#8221;.vc_custom_1647455515018{margin-bottom: 2px !important;}&#8221;][vc_single_image image=&#8221;570&#8243; img_size=&#8221;full&#8221; alignment=&#8221;center&#8221; image_hovers=&#8221;false&#8221;][\/vc_column_inner][\/vc_row_inner][vc_empty_space height=&#8221;60px&#8221;]<div class=\"hr-thin style-line\" style=\"width: 100%;border-top-width: 1px;\"><\/div>[\/vc_column][\/vc_row][vc_row margin_top=&#8221;50&#8243; margin_bottom=&#8221;20&#8243; row_type=&#8221;row&#8221; use_row_as_full_screen_section=&#8221;no&#8221; text_align=&#8221;center&#8221; background_color=&#8221;#fafafa&#8221; box_shadow_on_row=&#8221;no&#8221; oblique_section=&#8221;no&#8221; oblique_section_top_and_bottom=&#8221;both&#8221; oblique_section_position=&#8221;from_left_to_right&#8221; triangle_shape=&#8221;no&#8221; triangle_shape_position=&#8221;both&#8221; css=&#8221;.vc_custom_1460899999255{margin-bottom: 60px !important;}&#8221;][vc_column]<div id=\"ultimate-heading-90969f5c38c3d230\" class=\"uvc-heading ult-adjust-bottom-margin ultimate-heading-90969f5c38c3d230 uvc-656 \" data-hspacer=\"line_only\"  data-halign=\"center\" style=\"text-align:center\"><div class=\"uvc-main-heading ult-responsive\"  data-ultimate-target='.uvc-heading.ultimate-heading-90969f5c38c3d230 h2'  data-responsive-json-new='{\"font-size\":\"\",\"line-height\":\"\"}' ><h2 style=\"font-weight:normal;\">Servi\u00e7os<\/h2><\/div><div class=\"uvc-heading-spacer line_only\" style=\"margin-top:10px;margin-bottom:30px;height:1px;\"><span class=\"uvc-headings-line\" style=\"border-style:solid;border-bottom-width:1px;border-color:rgba(237,2,112,0.5);width:60px;\"><\/span><\/div><\/div>[vc_column_text]<strong>Efetuamos o trabalho nas suas instala\u00e7\u00f5es<\/strong>. O processo de limpeza n\u00e3o \u00e9 invasivo, <em>n\u00e3o sendo por isso necess\u00e1rio abrir ou perfurar o colch\u00e3o, sof\u00e1 ou superf\u00edcie estofada<\/em>. Colocamos \u00e0 sua disposi\u00e7\u00e3o os seguintes servi\u00e7os:[\/vc_column_text][vc_row_inner row_type=&#8221;row&#8221; type=&#8221;full_width&#8221; use_row_as_full_screen_section_slide=&#8221;no&#8221; text_align=&#8221;left&#8221; box_shadow_on_row=&#8221;no&#8221; el_class=&#8221;servicios-empresas-tipos&#8221;][vc_column_inner width=&#8221;1\/3&#8243;]<div class=\"shortcode-banner fadeIn animate-element\" style=\"min-height: 240px\"><div class=\"shortcode-banner-bg wf-table\" style=\"padding: 1px;min-height: 240px\"><div class=\"shortcode-banner-inside wf-table text-big\" style=\"background-color: rgb(255,255,255);background-color: rgba(255,255,255,0.4);border: solid 1px transparent;outline: solid 1px;outline-color: rgba(102,102,102,0.15);height: 239px\"><div><h3>LIMPEZA E DESINFE\u00c7\u00c3O ANTI\u00c1CAROS DE COLCH\u00d5ES<\/h3>\n<ul class=\"standard-arrow\">\n<li>Individuais.<\/li>\n<li>De Casal.<\/li>\n<li>Almofadas.<\/li>\n<\/ul>\n<\/div><\/div><\/div><\/div>[vc_empty_space height=&#8221;20px&#8221;][\/vc_column_inner][vc_column_inner width=&#8221;1\/3&#8243;]<div class=\"shortcode-banner fadeIn animate-element\" style=\"min-height: 240px\"><div class=\"shortcode-banner-bg wf-table\" style=\"padding: 1px;min-height: 240px\"><div class=\"shortcode-banner-inside wf-table text-big\" style=\"background-color: rgb(255,255,255);background-color: rgba(255,255,255,0.4);border: solid 0px transparent;outline: solid 1px;outline-color: rgba(102,102,102,0.15);height: 240px\"><div><h3>LIMPEZA E DESINFE\u00c7\u00c3O ANTI\u00c1CAROS DE SOF\u00c1S E CADEIRAS<\/h3>\n<ul class=\"standard-arrow\">\n<li>Sof\u00e1s.<\/li>\n<li>Almofad\u00f5es.<\/li>\n<li>Assentos estofados.<\/li>\n<\/ul>\n<\/div><\/div><\/div><\/div>[vc_empty_space height=&#8221;20px&#8221;][\/vc_column_inner][vc_column_inner width=&#8221;1\/3&#8243;]<div class=\"shortcode-banner fadeIn animate-element\" style=\"min-height: 240px\"><div class=\"shortcode-banner-bg wf-table\" style=\"padding: 1px;min-height: 240px\"><div class=\"shortcode-banner-inside wf-table text-big\" style=\"background-color: rgb(255,255,255);background-color: rgba(255,255,255,0.4);border: solid 1px transparent;outline: solid 1px;outline-color: rgba(102,102,102,0.15);height: 239px\"><div><h3>LIMPEZA E DESINFE\u00c7\u00c3O ANTI\u00c1CAROS DE TAPETES<\/h3>\n<ul class=\"standard-arrow\">\n<li>Tapetes.<\/li>\n<li>Alcatifas.<\/li>\n<li>Por metro quadrado.<\/li>\n<\/ul>\n<\/div><\/div><\/div><\/div>[vc_empty_space height=&#8221;20px&#8221;][\/vc_column_inner][\/vc_row_inner][vc_empty_space height=&#8221;60px&#8221;]<div class=\"hr-thin style-line\" style=\"width: 100%;border-top-width: 1px;\"><\/div>[\/vc_column][\/vc_row][vc_row margin_top=&#8221;50&#8243; margin_bottom=&#8221;20&#8243; row_type=&#8221;row&#8221; use_row_as_full_screen_section=&#8221;no&#8221; text_align=&#8221;center&#8221; background_color=&#8221;#fafafa&#8221; box_shadow_on_row=&#8221;no&#8221; oblique_section=&#8221;no&#8221; oblique_section_top_and_bottom=&#8221;both&#8221; oblique_section_position=&#8221;from_left_to_right&#8221; triangle_shape=&#8221;no&#8221; triangle_shape_position=&#8221;both&#8221;][vc_column]<div id=\"ultimate-heading-654469f5c38c3d403\" class=\"uvc-heading ult-adjust-bottom-margin ultimate-heading-654469f5c38c3d403 uvc-4093 \" data-hspacer=\"line_only\"  data-halign=\"center\" style=\"text-align:center\"><div class=\"uvc-main-heading ult-responsive\"  data-ultimate-target='.uvc-heading.ultimate-heading-654469f5c38c3d403 h2'  data-responsive-json-new='{\"font-size\":\"\",\"line-height\":\"\"}' ><h2 style=\"font-weight:normal;\">Contrate os nossos servi\u00e7os<\/h2><\/div><div class=\"uvc-heading-spacer line_only\" style=\"margin-top:10px;margin-bottom:30px;height:1px;\"><span class=\"uvc-headings-line\" style=\"border-style:solid;border-bottom-width:1px;border-color:rgba(237,2,112,0.5);width:60px;\"><\/span><\/div><\/div>[vc_column_text]<\/p>\n<p style=\"text-align: center;\">Informe-se dos pre\u00e7os especiais para hot\u00e9is e residenciais bem como dos nossos planos de pagamento a prazos.<\/p>\n<p>[\/vc_column_text][vc_row_inner row_type=&#8221;row&#8221; type=&#8221;full_width&#8221; use_row_as_full_screen_section_slide=&#8221;no&#8221; text_align=&#8221;left&#8221; box_shadow_on_row=&#8221;no&#8221;][vc_column_inner width=&#8221;1\/2&#8243;]<section class=\"shortcode-teaser img-full frame-on fadeIn animate-element\"><div class=\"shortcode-teaser-img\"><a class=\"layzr-bg rollover\" href=\"https:\/\/www.urbancleaner.es\/pt\/contacto\/#1450087847896-3-8\"><img class=\"lazy-load\" src=\"data:image\/svg+xml;charset=utf-8,%3Csvg xmlns%3D&#039;http%3A%2F%2Fwww.w3.org%2F2000%2Fsvg&#039; viewBox%3D&#039;0 0 600 188&#039;%2F%3E\" width=\"600\" height=\"188\" alt=\"El Corte Ingl\u00e9s\" data-srcset=\"https:\/\/www.urbancleaner.es\/wp-content\/uploads\/2015\/12\/eci-contacto.png 600w\" data-src=\"https:\/\/www.urbancleaner.es\/wp-content\/uploads\/2015\/12\/eci-contacto.png\" \/><\/a><\/div><div class=\"shortcode-teaser-content text-big\"><p style=\"text-align: center;\">Contrate-nos nos Centros UrbanClean de El Corte Ingl\u00e9s Valencia.<\/p>\n<\/div><\/section>[vc_empty_space height=&#8221;20px&#8221;][\/vc_column_inner][vc_column_inner width=&#8221;1\/2&#8243;]<section class=\"shortcode-teaser img-full frame-on fadeIn animate-element\"><div class=\"shortcode-teaser-img\"><a class=\"layzr-bg rollover\" href=\"https:\/\/www.urbancleaner.es\/pt\/contacto\/\"><img class=\"lazy-load\" src=\"data:image\/svg+xml;charset=utf-8,%3Csvg xmlns%3D&#039;http%3A%2F%2Fwww.w3.org%2F2000%2Fsvg&#039; viewBox%3D&#039;0 0 600 188&#039;%2F%3E\" width=\"600\" height=\"188\" alt=\"UrbanCleaner\" data-srcset=\"https:\/\/www.urbancleaner.es\/wp-content\/uploads\/2015\/12\/ucleaner-contacto.png 600w\" data-src=\"https:\/\/www.urbancleaner.es\/wp-content\/uploads\/2015\/12\/ucleaner-contacto.png\" \/><\/a><\/div><div class=\"shortcode-teaser-content text-big\"><p style=\"text-align: center;\">Procure o distribuidor mais pr\u00f3ximo.<\/p>\n<\/div><\/section>[vc_empty_space height=&#8221;20px&#8221;][\/vc_column_inner][\/vc_row_inner][\/vc_column][\/vc_row]<\/p>\n","protected":false},"excerpt":{"rendered":"<p>[vc_row animation=&#8221;fadeIn&#8221; margin_top=&#8221;50&#8243; margin_bottom=&#8221;20&#8243; row_type=&#8221;row&#8221; use_row_as_full_screen_section=&#8221;no&#8221; anchor=&#8221;home&#8221; text_align=&#8221;left&#8221; box_shadow_on_row=&#8221;no&#8221; oblique_section=&#8221;no&#8221; oblique_section_top_and_bottom=&#8221;both&#8221; oblique_section_position=&#8221;from_left_to_right&#8221; triangle_shape=&#8221;no&#8221; triangle_shape_position=&#8221;both&#8221; css=&#8221;.vc_custom_1460899990815{margin-bottom: 60px !important;}&#8221;][vc_column][vc_column_text el_class=&#8221;servicios-empresas-intro&#8221;] Imagine quantos milh\u00f5es de \u00e1caros poder\u00e1 haver nos colch\u00f5es do seu hotel ou resid\u00eancia. Ofere\u00e7a aos seus clientes a possibilidade de um descanso tranquilo. Eles v\u00e3o agradecer-lhe! [\/vc_column_text][vc_column_text]A limpeza \u00e9 um dos fatores de qualidade mais apreciados&hellip;<\/p>\n","protected":false},"author":2,"featured_media":0,"parent":0,"menu_order":0,"comment_status":"closed","ping_status":"closed","template":"","meta":{"content-type":""},"yoast_head":"<!-- This site is optimized with the Yoast SEO plugin v18.3 - https:\/\/yoast.com\/wordpress\/plugins\/seo\/ -->\n<title>Limpeza e desinfe\u00e7\u00e3o para empresas | UrbanCleaner<\/title>\n<meta name=\"description\" content=\"Efetuamos servi\u00e7os de limpeza e desinfe\u00e7\u00e3o de colch\u00f5es e superf\u00edcies estofadas para hot\u00e9is e residenciais. Servi\u00e7o profissional ao domic\u00edlio.\" \/>\n<meta name=\"robots\" content=\"index, follow, max-snippet:-1, max-image-preview:large, max-video-preview:-1\" \/>\n<link rel=\"canonical\" href=\"https:\/\/www.urbancleaner.es\/pt\/servicos-para-empresas\/\" \/>\n<meta property=\"og:locale\" content=\"pt_PT\" \/>\n<meta property=\"og:type\" content=\"article\" \/>\n<meta property=\"og:title\" content=\"Limpeza e desinfe\u00e7\u00e3o para empresas | UrbanCleaner\" \/>\n<meta property=\"og:description\" content=\"Efetuamos servi\u00e7os de limpeza e desinfe\u00e7\u00e3o de colch\u00f5es e superf\u00edcies estofadas para hot\u00e9is e residenciais. Servi\u00e7o profissional ao domic\u00edlio.\" \/>\n<meta property=\"og:url\" content=\"https:\/\/www.urbancleaner.es\/pt\/servicos-para-empresas\/\" \/>\n<meta property=\"og:site_name\" content=\"UrbanCleaner\" \/>\n<meta property=\"article:publisher\" content=\"https:\/\/www.facebook.com\/UrbanCleaner-493027774232470\/\" \/>\n<meta property=\"article:modified_time\" content=\"2022-03-16T18:32:16+00:00\" \/>\n<meta name=\"twitter:card\" content=\"summary\" \/>\n<meta name=\"twitter:label1\" content=\"Est. reading time\" \/>\n\t<meta name=\"twitter:data1\" content=\"3 minutes\" \/>\n<script type=\"application\/ld+json\" class=\"yoast-schema-graph\">{\"@context\":\"https:\/\/schema.org\",\"@graph\":[{\"@type\":\"Organization\",\"@id\":\"https:\/\/www.urbancleaner.es\/#organization\",\"name\":\"UrbanCleaner\",\"url\":\"https:\/\/www.urbancleaner.es\/\",\"sameAs\":[\"https:\/\/www.facebook.com\/UrbanCleaner-493027774232470\/\",\"https:\/\/www.youtube.com\/channel\/UCPwVcTW4iUgxko1a5x6XJBg\"],\"logo\":{\"@type\":\"ImageObject\",\"@id\":\"https:\/\/www.urbancleaner.es\/#logo\",\"inLanguage\":\"pt\",\"url\":\"https:\/\/www.urbancleaner.es\/wp-content\/uploads\/2015\/12\/logo-hb-60.png\",\"contentUrl\":\"https:\/\/www.urbancleaner.es\/wp-content\/uploads\/2015\/12\/logo-hb-60.png\",\"width\":305,\"height\":60,\"caption\":\"UrbanCleaner\"},\"image\":{\"@id\":\"https:\/\/www.urbancleaner.es\/#logo\"}},{\"@type\":\"WebSite\",\"@id\":\"https:\/\/www.urbancleaner.es\/#website\",\"url\":\"https:\/\/www.urbancleaner.es\/\",\"name\":\"UrbanCleaner\",\"description\":\"Sistema de limpeza e desinfe\u00e7\u00e3o ao domic\u00edlio\",\"publisher\":{\"@id\":\"https:\/\/www.urbancleaner.es\/#organization\"},\"potentialAction\":[{\"@type\":\"SearchAction\",\"target\":{\"@type\":\"EntryPoint\",\"urlTemplate\":\"https:\/\/www.urbancleaner.es\/?s={search_term_string}\"},\"query-input\":\"required name=search_term_string\"}],\"inLanguage\":\"pt\"},{\"@type\":\"WebPage\",\"@id\":\"https:\/\/www.urbancleaner.es\/pt\/servicos-para-empresas\/#webpage\",\"url\":\"https:\/\/www.urbancleaner.es\/pt\/servicos-para-empresas\/\",\"name\":\"Limpeza e desinfe\u00e7\u00e3o para empresas | UrbanCleaner\",\"isPartOf\":{\"@id\":\"https:\/\/www.urbancleaner.es\/#website\"},\"datePublished\":\"2016-05-06T08:44:13+00:00\",\"dateModified\":\"2022-03-16T18:32:16+00:00\",\"description\":\"Efetuamos servi\u00e7os de limpeza e desinfe\u00e7\u00e3o de colch\u00f5es e superf\u00edcies estofadas para hot\u00e9is e residenciais. Servi\u00e7o profissional ao domic\u00edlio.\",\"breadcrumb\":{\"@id\":\"https:\/\/www.urbancleaner.es\/pt\/servicos-para-empresas\/#breadcrumb\"},\"inLanguage\":\"pt\",\"potentialAction\":[{\"@type\":\"ReadAction\",\"target\":[\"https:\/\/www.urbancleaner.es\/pt\/servicos-para-empresas\/\"]}]},{\"@type\":\"BreadcrumbList\",\"@id\":\"https:\/\/www.urbancleaner.es\/pt\/servicos-para-empresas\/#breadcrumb\",\"itemListElement\":[{\"@type\":\"ListItem\",\"position\":1,\"name\":\"Inicio\",\"item\":\"https:\/\/www.urbancleaner.es\/pt\/\"},{\"@type\":\"ListItem\",\"position\":2,\"name\":\"Servi\u00e7os para empresas\"}]}]}<\/script>\n<!-- \/ Yoast SEO plugin. -->","yoast_head_json":{"title":"Limpeza e desinfe\u00e7\u00e3o para empresas | UrbanCleaner","description":"Efetuamos servi\u00e7os de limpeza e desinfe\u00e7\u00e3o de colch\u00f5es e superf\u00edcies estofadas para hot\u00e9is e residenciais. Servi\u00e7o profissional ao domic\u00edlio.","robots":{"index":"index","follow":"follow","max-snippet":"max-snippet:-1","max-image-preview":"max-image-preview:large","max-video-preview":"max-video-preview:-1"},"canonical":"https:\/\/www.urbancleaner.es\/pt\/servicos-para-empresas\/","og_locale":"pt_PT","og_type":"article","og_title":"Limpeza e desinfe\u00e7\u00e3o para empresas | UrbanCleaner","og_description":"Efetuamos servi\u00e7os de limpeza e desinfe\u00e7\u00e3o de colch\u00f5es e superf\u00edcies estofadas para hot\u00e9is e residenciais. Servi\u00e7o profissional ao domic\u00edlio.","og_url":"https:\/\/www.urbancleaner.es\/pt\/servicos-para-empresas\/","og_site_name":"UrbanCleaner","article_publisher":"https:\/\/www.facebook.com\/UrbanCleaner-493027774232470\/","article_modified_time":"2022-03-16T18:32:16+00:00","twitter_card":"summary","twitter_misc":{"Est. reading time":"3 minutes"},"schema":{"@context":"https:\/\/schema.org","@graph":[{"@type":"Organization","@id":"https:\/\/www.urbancleaner.es\/#organization","name":"UrbanCleaner","url":"https:\/\/www.urbancleaner.es\/","sameAs":["https:\/\/www.facebook.com\/UrbanCleaner-493027774232470\/","https:\/\/www.youtube.com\/channel\/UCPwVcTW4iUgxko1a5x6XJBg"],"logo":{"@type":"ImageObject","@id":"https:\/\/www.urbancleaner.es\/#logo","inLanguage":"pt","url":"https:\/\/www.urbancleaner.es\/wp-content\/uploads\/2015\/12\/logo-hb-60.png","contentUrl":"https:\/\/www.urbancleaner.es\/wp-content\/uploads\/2015\/12\/logo-hb-60.png","width":305,"height":60,"caption":"UrbanCleaner"},"image":{"@id":"https:\/\/www.urbancleaner.es\/#logo"}},{"@type":"WebSite","@id":"https:\/\/www.urbancleaner.es\/#website","url":"https:\/\/www.urbancleaner.es\/","name":"UrbanCleaner","description":"Sistema de limpeza e desinfe\u00e7\u00e3o ao domic\u00edlio","publisher":{"@id":"https:\/\/www.urbancleaner.es\/#organization"},"potentialAction":[{"@type":"SearchAction","target":{"@type":"EntryPoint","urlTemplate":"https:\/\/www.urbancleaner.es\/?s={search_term_string}"},"query-input":"required name=search_term_string"}],"inLanguage":"pt"},{"@type":"WebPage","@id":"https:\/\/www.urbancleaner.es\/pt\/servicos-para-empresas\/#webpage","url":"https:\/\/www.urbancleaner.es\/pt\/servicos-para-empresas\/","name":"Limpeza e desinfe\u00e7\u00e3o para empresas | UrbanCleaner","isPartOf":{"@id":"https:\/\/www.urbancleaner.es\/#website"},"datePublished":"2016-05-06T08:44:13+00:00","dateModified":"2022-03-16T18:32:16+00:00","description":"Efetuamos servi\u00e7os de limpeza e desinfe\u00e7\u00e3o de colch\u00f5es e superf\u00edcies estofadas para hot\u00e9is e residenciais. Servi\u00e7o profissional ao domic\u00edlio.","breadcrumb":{"@id":"https:\/\/www.urbancleaner.es\/pt\/servicos-para-empresas\/#breadcrumb"},"inLanguage":"pt","potentialAction":[{"@type":"ReadAction","target":["https:\/\/www.urbancleaner.es\/pt\/servicos-para-empresas\/"]}]},{"@type":"BreadcrumbList","@id":"https:\/\/www.urbancleaner.es\/pt\/servicos-para-empresas\/#breadcrumb","itemListElement":[{"@type":"ListItem","position":1,"name":"Inicio","item":"https:\/\/www.urbancleaner.es\/pt\/"},{"@type":"ListItem","position":2,"name":"Servi\u00e7os para empresas"}]}]}},"_links":{"self":[{"href":"https:\/\/www.urbancleaner.es\/pt\/wp-json\/wp\/v2\/pages\/1853"}],"collection":[{"href":"https:\/\/www.urbancleaner.es\/pt\/wp-json\/wp\/v2\/pages"}],"about":[{"href":"https:\/\/www.urbancleaner.es\/pt\/wp-json\/wp\/v2\/types\/page"}],"author":[{"embeddable":true,"href":"https:\/\/www.urbancleaner.es\/pt\/wp-json\/wp\/v2\/users\/2"}],"replies":[{"embeddable":true,"href":"https:\/\/www.urbancleaner.es\/pt\/wp-json\/wp\/v2\/comments?post=1853"}],"version-history":[{"count":2,"href":"https:\/\/www.urbancleaner.es\/pt\/wp-json\/wp\/v2\/pages\/1853\/revisions"}],"predecessor-version":[{"id":6875,"href":"https:\/\/www.urbancleaner.es\/pt\/wp-json\/wp\/v2\/pages\/1853\/revisions\/6875"}],"wp:attachment":[{"href":"https:\/\/www.urbancleaner.es\/pt\/wp-json\/wp\/v2\/media?parent=1853"}],"curies":[{"name":"wp","href":"https:\/\/api.w.org\/{rel}","templated":true}]}}