{"id":1855,"date":"2016-05-06T09:46:43","date_gmt":"2016-05-06T08:46:43","guid":{"rendered":"http:\/\/test.urbancleaner.es\/?page_id=1855"},"modified":"2022-03-16T18:54:51","modified_gmt":"2022-03-16T17:54:51","slug":"politica-de-cookies-2","status":"publish","type":"page","link":"https:\/\/www.urbancleaner.es\/pt\/politica-de-cookies-2\/","title":{"rendered":"Informa\u00e7\u00e3o sobre cookies"},"content":{"rendered":"<p>[vc_row margin_top=&#8221;50&#8243;][vc_column][vc_column_text]<\/p>\n<h4>E o que \u00e9 um cookie?<\/h4>\n<p>Um cookie \u00e9 um pequeno ficheiro de texto que um site coloca no seu computador, telefone ou qualquer outro dispositivo, com informa\u00e7\u00e3o sobre a sua navega\u00e7\u00e3o no referido site. Os cookies s\u00e3o necess\u00e1rios para facilitar a navega\u00e7\u00e3o e torn\u00e1\u00adla mais amig\u00e1vel, e n\u00e3o danificam o seu computador. Ainda que na presente pol\u00edtica se utilize o termo geral de cookie, pois \u00e9 o principal m\u00e9todo de armazenamento de informa\u00e7\u00e3o que este site utiliza, tamb\u00e9m se utiliza o espa\u00e7o de &#8220;Armazenamento local&#8221; do navegador para os mesmos prop\u00f3sitos que os cookies. Neste sentido, toda a informa\u00e7\u00e3o inclu\u00edda nesta sec\u00e7\u00e3o \u00e9 tamb\u00e9m aplic\u00e1vel a este &#8220;Armazenamento local&#8221;.<\/p>\n<p>&nbsp;<\/p>\n<h4>Para que se utilizam os cookies neste Site?<\/h4>\n<p>Os cookies s\u00e3o uma parte essencial de como funciona o nosso site. O objectivo principal dos nossos cookies \u00e9 melhorar a sua experi\u00eancia na navega\u00e7\u00e3o. Por exemplo, recordar as suas prefer\u00eancias (idioma, pa\u00eds&#8230;) durante a navega\u00e7\u00e3o e em futuras visitas. A informa\u00e7\u00e3o recolhida nos cookies permite\u00adnos tamb\u00e9m melhorar o site, atrav\u00e9s de estimativas sobre n\u00fameros e padr\u00f5es de utiliza\u00e7\u00e3o, a adapta\u00e7\u00e3o do site aos interesses individuais dos utilizadores, a acelera\u00e7\u00e3o das pesquisas&#8230; Ocasionalmente, no caso de obtermos consentimento pr\u00e9vio e informado, podemos utilizar cookies, tags ou outros dispositivos semelhantes para obter informa\u00e7\u00e3o que nos permita mostrar, a partir do nosso site ou de terceiros, publicidade baseada na an\u00e1lise dos seus h\u00e1bitos de navega\u00e7\u00e3o.<\/p>\n<p>&nbsp;<\/p>\n<h4>Para que N\u00c3O se utilizam os cookies neste Site?<\/h4>\n<p>N\u00f3s n\u00e3o armazenamos informa\u00e7\u00e3o sens\u00edvel de identifica\u00e7\u00e3o pessoal como o seu endere\u00e7o, palavra\u00adchave, os dados do seu cart\u00e3o de cr\u00e9dito ou d\u00e9bito&#8230; nos cookies que utilizamos.<\/p>\n<p>&nbsp;<\/p>\n<h4>Que utiliza a informa\u00e7\u00e3o armazenada nos cookies?<\/h4>\n<p>A informa\u00e7\u00e3o armazenada nos cookies do nosso site \u00e9 utilizada exclusivamente por n\u00f3s, \u00e0 excep\u00e7\u00e3o das identificadas mais \u00e0 frente como &#8220;cookies de terceiros&#8221;, que s\u00e3o utilizadas e geridas por entidades externas para proporcionarmos servi\u00e7os solicitados por n\u00f3s para melhorar os nossos servi\u00e7os e a sua experi\u00eancia ao navegar no nosso site. Os principais servi\u00e7os para os que utilizam estes \u201ccookies de terceiros\u201d s\u00e3o a obten\u00e7\u00e3o de estat\u00edsticas de acessos e garantir as opera\u00e7\u00f5es de pagamento realizadas.<\/p>\n<p>&nbsp;<\/p>\n<h4>Como posso evitar a utiliza\u00e7\u00e3o de cookies nesta p\u00e1gina?<\/h4>\n<p>Se preferir evitar a utiliza\u00e7\u00e3o de cookies nesta p\u00e1gina, tendo em conta as limita\u00e7\u00f5es anteriores, deve desactivar a utiliza\u00e7\u00e3o de cookies no seu navegador e, posteriormente, eliminar os cookies guardados no seu navegador associados a este site. Esta possibilidade de evitar a utiliza\u00e7\u00e3o de cookies pode ser levada a cabo por si mesmo em qualquer momento.<\/p>\n<p>&nbsp;<\/p>\n<h4>Como desactivo e elimino a utiliza\u00e7\u00e3o de cookies?<\/h4>\n<p>Pode restringir, bloquear ou eliminar os cookies deste site em qualquer momento, alterando a configura\u00e7\u00e3o do seu navegador conforme as directrizes indicadas. Ainda que a parametriza\u00e7\u00e3o de cada navegador seja diferente, \u00e9 habitual que a configura\u00e7\u00e3o dos cookies se realize no menu de \u201cPrefer\u00eancias\u201d ou \u201cFerramentas\u201d. Para mais detalhe sobre a configura\u00e7\u00e3o no seu navegador, consulte o menu \u201cAjuda\u201d do mesmo.[\/vc_column_text][vc_empty_space height=&#8221;50px&#8221;][\/vc_column][\/vc_row]<\/p>\n","protected":false},"excerpt":{"rendered":"<p>[vc_row margin_top=&#8221;50&#8243;][vc_column][vc_column_text] E o que \u00e9 um cookie? Um cookie \u00e9 um pequeno ficheiro de texto que um site coloca no seu computador, telefone ou qualquer outro dispositivo, com informa\u00e7\u00e3o sobre a sua navega\u00e7\u00e3o no referido site. Os cookies s\u00e3o necess\u00e1rios para facilitar a navega\u00e7\u00e3o e torn\u00e1\u00adla mais amig\u00e1vel, e n\u00e3o danificam o seu computador.&hellip;<\/p>\n","protected":false},"author":2,"featured_media":0,"parent":0,"menu_order":0,"comment_status":"closed","ping_status":"closed","template":"","meta":{"content-type":""},"yoast_head":"<!-- This site is optimized with the Yoast SEO plugin v18.3 - https:\/\/yoast.com\/wordpress\/plugins\/seo\/ -->\n<title>Informa\u00e7\u00e3o sobre cookies | UrbanCleaner<\/title>\n<meta name=\"description\" content=\"Pol\u00edtica de cookies. Informa\u00e7\u00e3o sobre cookies de navega\u00e7\u00e3o do sitio web de UrbanClean.\" \/>\n<meta name=\"robots\" content=\"noindex, nofollow\" \/>\n<meta property=\"og:locale\" content=\"pt_PT\" \/>\n<meta property=\"og:type\" content=\"article\" \/>\n<meta property=\"og:title\" content=\"Informa\u00e7\u00e3o sobre cookies | UrbanCleaner\" \/>\n<meta property=\"og:description\" content=\"Pol\u00edtica de cookies. Informa\u00e7\u00e3o sobre cookies de navega\u00e7\u00e3o do sitio web de UrbanClean.\" \/>\n<meta property=\"og:url\" content=\"https:\/\/www.urbancleaner.es\/pt\/politica-de-cookies-2\/\" \/>\n<meta property=\"og:site_name\" content=\"UrbanCleaner\" \/>\n<meta property=\"article:publisher\" content=\"https:\/\/www.facebook.com\/UrbanCleaner-493027774232470\/\" \/>\n<meta property=\"article:modified_time\" content=\"2022-03-16T17:54:51+00:00\" \/>\n<meta name=\"twitter:card\" content=\"summary\" \/>\n<meta name=\"twitter:label1\" content=\"Est. reading time\" \/>\n\t<meta name=\"twitter:data1\" content=\"3 minutes\" \/>\n<script type=\"application\/ld+json\" class=\"yoast-schema-graph\">{\"@context\":\"https:\/\/schema.org\",\"@graph\":[{\"@type\":\"Organization\",\"@id\":\"https:\/\/www.urbancleaner.es\/#organization\",\"name\":\"UrbanCleaner\",\"url\":\"https:\/\/www.urbancleaner.es\/\",\"sameAs\":[\"https:\/\/www.facebook.com\/UrbanCleaner-493027774232470\/\",\"https:\/\/www.youtube.com\/channel\/UCPwVcTW4iUgxko1a5x6XJBg\"],\"logo\":{\"@type\":\"ImageObject\",\"@id\":\"https:\/\/www.urbancleaner.es\/#logo\",\"inLanguage\":\"pt\",\"url\":\"https:\/\/www.urbancleaner.es\/wp-content\/uploads\/2015\/12\/logo-hb-60.png\",\"contentUrl\":\"https:\/\/www.urbancleaner.es\/wp-content\/uploads\/2015\/12\/logo-hb-60.png\",\"width\":305,\"height\":60,\"caption\":\"UrbanCleaner\"},\"image\":{\"@id\":\"https:\/\/www.urbancleaner.es\/#logo\"}},{\"@type\":\"WebSite\",\"@id\":\"https:\/\/www.urbancleaner.es\/#website\",\"url\":\"https:\/\/www.urbancleaner.es\/\",\"name\":\"UrbanCleaner\",\"description\":\"Sistema de limpeza e desinfe\u00e7\u00e3o ao domic\u00edlio\",\"publisher\":{\"@id\":\"https:\/\/www.urbancleaner.es\/#organization\"},\"potentialAction\":[{\"@type\":\"SearchAction\",\"target\":{\"@type\":\"EntryPoint\",\"urlTemplate\":\"https:\/\/www.urbancleaner.es\/?s={search_term_string}\"},\"query-input\":\"required name=search_term_string\"}],\"inLanguage\":\"pt\"},{\"@type\":\"WebPage\",\"@id\":\"https:\/\/www.urbancleaner.es\/pt\/politica-de-cookies-2\/#webpage\",\"url\":\"https:\/\/www.urbancleaner.es\/pt\/politica-de-cookies-2\/\",\"name\":\"Informa\u00e7\u00e3o sobre cookies | UrbanCleaner\",\"isPartOf\":{\"@id\":\"https:\/\/www.urbancleaner.es\/#website\"},\"datePublished\":\"2016-05-06T08:46:43+00:00\",\"dateModified\":\"2022-03-16T17:54:51+00:00\",\"description\":\"Pol\u00edtica de cookies. Informa\u00e7\u00e3o sobre cookies de navega\u00e7\u00e3o do sitio web de UrbanClean.\",\"breadcrumb\":{\"@id\":\"https:\/\/www.urbancleaner.es\/pt\/politica-de-cookies-2\/#breadcrumb\"},\"inLanguage\":\"pt\",\"potentialAction\":[{\"@type\":\"ReadAction\",\"target\":[\"https:\/\/www.urbancleaner.es\/pt\/politica-de-cookies-2\/\"]}]},{\"@type\":\"BreadcrumbList\",\"@id\":\"https:\/\/www.urbancleaner.es\/pt\/politica-de-cookies-2\/#breadcrumb\",\"itemListElement\":[{\"@type\":\"ListItem\",\"position\":1,\"name\":\"Inicio\",\"item\":\"https:\/\/www.urbancleaner.es\/pt\/\"},{\"@type\":\"ListItem\",\"position\":2,\"name\":\"Informa\u00e7\u00e3o sobre cookies\"}]}]}<\/script>\n<!-- \/ Yoast SEO plugin. -->","yoast_head_json":{"title":"Informa\u00e7\u00e3o sobre cookies | UrbanCleaner","description":"Pol\u00edtica de cookies. Informa\u00e7\u00e3o sobre cookies de navega\u00e7\u00e3o do sitio web de UrbanClean.","robots":{"index":"noindex","follow":"nofollow"},"og_locale":"pt_PT","og_type":"article","og_title":"Informa\u00e7\u00e3o sobre cookies | UrbanCleaner","og_description":"Pol\u00edtica de cookies. Informa\u00e7\u00e3o sobre cookies de navega\u00e7\u00e3o do sitio web de UrbanClean.","og_url":"https:\/\/www.urbancleaner.es\/pt\/politica-de-cookies-2\/","og_site_name":"UrbanCleaner","article_publisher":"https:\/\/www.facebook.com\/UrbanCleaner-493027774232470\/","article_modified_time":"2022-03-16T17:54:51+00:00","twitter_card":"summary","twitter_misc":{"Est. reading time":"3 minutes"},"schema":{"@context":"https:\/\/schema.org","@graph":[{"@type":"Organization","@id":"https:\/\/www.urbancleaner.es\/#organization","name":"UrbanCleaner","url":"https:\/\/www.urbancleaner.es\/","sameAs":["https:\/\/www.facebook.com\/UrbanCleaner-493027774232470\/","https:\/\/www.youtube.com\/channel\/UCPwVcTW4iUgxko1a5x6XJBg"],"logo":{"@type":"ImageObject","@id":"https:\/\/www.urbancleaner.es\/#logo","inLanguage":"pt","url":"https:\/\/www.urbancleaner.es\/wp-content\/uploads\/2015\/12\/logo-hb-60.png","contentUrl":"https:\/\/www.urbancleaner.es\/wp-content\/uploads\/2015\/12\/logo-hb-60.png","width":305,"height":60,"caption":"UrbanCleaner"},"image":{"@id":"https:\/\/www.urbancleaner.es\/#logo"}},{"@type":"WebSite","@id":"https:\/\/www.urbancleaner.es\/#website","url":"https:\/\/www.urbancleaner.es\/","name":"UrbanCleaner","description":"Sistema de limpeza e desinfe\u00e7\u00e3o ao domic\u00edlio","publisher":{"@id":"https:\/\/www.urbancleaner.es\/#organization"},"potentialAction":[{"@type":"SearchAction","target":{"@type":"EntryPoint","urlTemplate":"https:\/\/www.urbancleaner.es\/?s={search_term_string}"},"query-input":"required name=search_term_string"}],"inLanguage":"pt"},{"@type":"WebPage","@id":"https:\/\/www.urbancleaner.es\/pt\/politica-de-cookies-2\/#webpage","url":"https:\/\/www.urbancleaner.es\/pt\/politica-de-cookies-2\/","name":"Informa\u00e7\u00e3o sobre cookies | UrbanCleaner","isPartOf":{"@id":"https:\/\/www.urbancleaner.es\/#website"},"datePublished":"2016-05-06T08:46:43+00:00","dateModified":"2022-03-16T17:54:51+00:00","description":"Pol\u00edtica de cookies. Informa\u00e7\u00e3o sobre cookies de navega\u00e7\u00e3o do sitio web de UrbanClean.","breadcrumb":{"@id":"https:\/\/www.urbancleaner.es\/pt\/politica-de-cookies-2\/#breadcrumb"},"inLanguage":"pt","potentialAction":[{"@type":"ReadAction","target":["https:\/\/www.urbancleaner.es\/pt\/politica-de-cookies-2\/"]}]},{"@type":"BreadcrumbList","@id":"https:\/\/www.urbancleaner.es\/pt\/politica-de-cookies-2\/#breadcrumb","itemListElement":[{"@type":"ListItem","position":1,"name":"Inicio","item":"https:\/\/www.urbancleaner.es\/pt\/"},{"@type":"ListItem","position":2,"name":"Informa\u00e7\u00e3o sobre cookies"}]}]}},"_links":{"self":[{"href":"https:\/\/www.urbancleaner.es\/pt\/wp-json\/wp\/v2\/pages\/1855"}],"collection":[{"href":"https:\/\/www.urbancleaner.es\/pt\/wp-json\/wp\/v2\/pages"}],"about":[{"href":"https:\/\/www.urbancleaner.es\/pt\/wp-json\/wp\/v2\/types\/page"}],"author":[{"embeddable":true,"href":"https:\/\/www.urbancleaner.es\/pt\/wp-json\/wp\/v2\/users\/2"}],"replies":[{"embeddable":true,"href":"https:\/\/www.urbancleaner.es\/pt\/wp-json\/wp\/v2\/comments?post=1855"}],"version-history":[{"count":0,"href":"https:\/\/www.urbancleaner.es\/pt\/wp-json\/wp\/v2\/pages\/1855\/revisions"}],"wp:attachment":[{"href":"https:\/\/www.urbancleaner.es\/pt\/wp-json\/wp\/v2\/media?parent=1855"}],"curies":[{"name":"wp","href":"https:\/\/api.w.org\/{rel}","templated":true}]}}